{"id":94,"date":"2017-09-13T16:26:13","date_gmt":"2017-09-13T14:26:13","guid":{"rendered":"https:\/\/gymnasiumzwoenitz.wordpress.com\/?page_id=94"},"modified":"2023-10-09T20:22:01","modified_gmt":"2023-10-09T18:22:01","slug":"foerderverein","status":"publish","type":"page","link":"https:\/\/gymnasium-zwoenitz.com\/index.php\/unser-gymnasium\/gremien\/foerderverein\/","title":{"rendered":"F\u00f6rderverein"},"content":{"rendered":"\n<h2 class=\"wp-block-heading\">Werden Sie Mitglied im Verein der Freunde und F\u00f6rderer des Gymnasiums Zw\u00f6nitz e.V.!<\/h2>\n\n\n\n<div id=\"textbildlinks\">&nbsp;<\/div>\n\n\n\n<p>Jedes Mitglied und jeder F\u00f6rderer st\u00e4rkt die Arbeit und das Ansehen unseres Gymnasiums \u2013 und die Attraktivit\u00e4t unserer Stadt.<\/p>\n\n\n\n<p>Unser gemeinn\u00fctziger Verein<\/p>\n\n\n\n<div>\n<ul>\n<li>f\u00f6rdert kulturelle und sportliche Aktivit\u00e4ten, z.B. Wettbewerbe, Schulfeste, Sch\u00fcleraustausch<\/li>\n<li>unterst\u00fctzt&nbsp;im Einzelfall&nbsp;bed\u00fcrftige Sch\u00fcler, z.B. bei Klassenfahrten<\/li>\n<li>organisiert Treffen&nbsp;ehemaliger Sch\u00fcler, Schuljubil\u00e4en und andere H\u00f6hepunkte<\/li>\n<li>verbindet heutige Sch\u00fcler und Lehrer mit Absolventen und ehemaligen Kollegen<\/li>\n<\/ul>\n<\/div>\n\n\n\n<p>Der\u00a0<strong>j\u00e4hrliche Mitgliedsbeitrag<\/strong>\u00a0betr\u00e4gt f\u00fcr<strong>\u00a0Privatpersonen 15,00 Euro<\/strong>\u00a0und f\u00fcr<strong>\u00a0Firmen 60,00 Euro<\/strong>.<br>Der Beitrag wird, sofern die Einzugserm\u00e4chtigung erteilt wurde, am 1. M\u00e4rz jedes Jahres abgebucht.<br>Die <strong>Beitrittserkl\u00e4rung<\/strong> sowie weitere Informationen finden Sie im <a href=\"https:\/\/gymnasium-zwoenitz.com\/wp-content\/uploads\/2023\/10\/Flyer-Foerderverein-2022.pdf\" target=\"_blank\" rel=\"noreferrer noopener\">Flyer<\/a> unseres Vereins.<br>Wer nicht Mitglied werden m\u00f6chte, kann durch\u00a0<strong>Spenden<\/strong>\u00a0die Arbeit des Vereins unterst\u00fctzen. Spender erhalten eine steuerlich anerkannte Quittung.<\/p>\n\n\n\n<p>Die Satzung steht als <a href=\"https:\/\/gymnasium-zwoenitz.com\/wp-content\/uploads\/2023\/10\/Satzung_neu-29.06.2022.pdf\" target=\"_blank\" rel=\"noreferrer noopener\">PDF <\/a>zum Download bereit.<\/p>\n\n\n\n<p><strong>Kontakt<\/strong>:<\/p>\n\n\n\n<p>Verein der Freunde und F\u00f6rderer des Gymnasiums zu Zw\u00f6nitz e.V.<br>c\/o Matthes-Enderlein-Gymnasium<br>Matthes-Enderlein-Stra\u00dfe 2<br>08297 Zw\u00f6nitz<\/p>\n\n\n\n<p>E-Mail: foerderverein_megz@web.de<\/p>\n\n\n\n<p>Anke Liebscher, Vereinsvorsitzende &nbsp; &nbsp;Tel. 0172 2367129<\/p>\n\n\n\n<p><b>Bankverbindung:<\/b><\/p>\n\n\n\n<p>IBAN &nbsp; &nbsp; DE20870540003613009926<br>BIC&nbsp;&nbsp;&nbsp;&nbsp;&nbsp;&nbsp;&nbsp; WELADED1STB<br>Erzgebirgssparkasse<\/p>\n","protected":false},"excerpt":{"rendered":"<p>Werden Sie Mitglied im Verein der Freunde und F\u00f6rderer des Gymnasiums Zw\u00f6nitz e.V.! &nbsp; Jedes Mitglied und jeder F\u00f6rderer st\u00e4rkt die Arbeit und das Ansehen unseres Gymnasiums \u2013 und die Attraktivit\u00e4t unserer Stadt. Unser gemeinn\u00fctziger Verein f\u00f6rdert kulturelle und sportliche Aktivit\u00e4ten, z.B. Wettbewerbe, Schulfeste, Sch\u00fcleraustausch unterst\u00fctzt&nbsp;im Einzelfall&nbsp;bed\u00fcrftige Sch\u00fcler, z.B. bei Klassenfahrten organisiert Treffen&nbsp;ehemaliger Sch\u00fcler, Schuljubil\u00e4en<a class=\"more-link\" href=\"https:\/\/gymnasium-zwoenitz.com\/index.php\/unser-gymnasium\/gremien\/foerderverein\/\">Continue reading <span class=\"screen-reader-text\">&#8222;F\u00f6rderverein&#8220;<\/span><\/a><\/p>\n","protected":false},"author":1,"featured_media":0,"parent":39,"menu_order":0,"comment_status":"closed","ping_status":"closed","template":"","meta":{"footnotes":""},"tags":[],"class_list":["post-94","page","type-page","status-publish","hentry"],"jetpack_sharing_enabled":false,"_links":{"self":[{"href":"https:\/\/gymnasium-zwoenitz.com\/index.php\/wp-json\/wp\/v2\/pages\/94","targetHints":{"allow":["GET"]}}],"collection":[{"href":"https:\/\/gymnasium-zwoenitz.com\/index.php\/wp-json\/wp\/v2\/pages"}],"about":[{"href":"https:\/\/gymnasium-zwoenitz.com\/index.php\/wp-json\/wp\/v2\/types\/page"}],"author":[{"embeddable":true,"href":"https:\/\/gymnasium-zwoenitz.com\/index.php\/wp-json\/wp\/v2\/users\/1"}],"replies":[{"embeddable":true,"href":"https:\/\/gymnasium-zwoenitz.com\/index.php\/wp-json\/wp\/v2\/comments?post=94"}],"version-history":[{"count":2,"href":"https:\/\/gymnasium-zwoenitz.com\/index.php\/wp-json\/wp\/v2\/pages\/94\/revisions"}],"predecessor-version":[{"id":19565,"href":"https:\/\/gymnasium-zwoenitz.com\/index.php\/wp-json\/wp\/v2\/pages\/94\/revisions\/19565"}],"up":[{"embeddable":true,"href":"https:\/\/gymnasium-zwoenitz.com\/index.php\/wp-json\/wp\/v2\/pages\/39"}],"wp:attachment":[{"href":"https:\/\/gymnasium-zwoenitz.com\/index.php\/wp-json\/wp\/v2\/media?parent=94"}],"wp:term":[{"taxonomy":"post_tag","embeddable":true,"href":"https:\/\/gymnasium-zwoenitz.com\/index.php\/wp-json\/wp\/v2\/tags?post=94"}],"curies":[{"name":"wp","href":"https:\/\/api.w.org\/{rel}","templated":true}]}}