{"id":7868,"date":"2021-02-11T12:00:17","date_gmt":"2021-02-11T11:00:17","guid":{"rendered":"http:\/\/gymnasium-zwoenitz.com\/?page_id=7868"},"modified":"2024-10-16T08:58:55","modified_gmt":"2024-10-16T06:58:55","slug":"unser-jahrbuch","status":"publish","type":"page","link":"https:\/\/gymnasium-zwoenitz.com\/index.php\/schulleben\/unser-jahrbuch\/","title":{"rendered":"Unser Jahrbuch"},"content":{"rendered":"\n<p>ist ein fester Bestandteil im Schulleben des MEGZ und hat bereits eine lange Tradition. Im Schuljahr 2023\/24 erschien bereits die 29. Ausgabe!<\/p>\n\n\n\n<p>Urspr\u00fcnglich entstand die Idee am ehemaligen Drei-Tannen-Gymnasium Thalheim und wurde nach der Fusion erfolgreich am Zw\u00f6nitzer Gymnasium weitergef\u00fchrt. In der Redaktion sind wir, die Lehrerinnen Heike Haase (Finanzierung) und Nicole Watzlaw-Fischer (Gestaltung), von Anfang an<br>dabei.<\/p>\n\n\n\n<p>Das Jahrbuch spiegelt das jeweils zu Ende gehende Schuljahr m\u00f6glichst vollst\u00e4ndig wider:<br>Neben Klassen-, Kurs- und Lehrerfotos sollen H\u00f6hepunkte im Klassen- und Schulleben, besondere Ereignisse und Leistungen in Wort und Bild festgehalten werden. Hinzu kommen Sch\u00fclerarbeiten aus dem Kunstunterricht. Eine Besonderheit ist der Blick zur\u00fcck, denn auch Ereignisse vom Ende<br>des vergangenen Schuljahres werden ins neue Heft \u00fcbernommen.<br>Auf diese Weise dient unser Jahrbuch nicht nur den Abiturienten des jeweiligen Jahrgangs als bleibende Erinnerung, vom F\u00f6rderverein als Geschenk zum Abiturzeugnis \u00fcberreicht.<br>Jeder andere Lernende und auch Lehrende unseres Gymnasiums kann das Jahrbuch bestellen und in der letzten Woche vor den Sommerferien k\u00e4uflich erwerben.<\/p>\n\n\n\n<p>Die Vorbestellung erfolgt \u00fcber ein Formular, das uns die Planung und Zuordnung erleichtern soll. Unter anderem richtet sich die jeweilige Auflage nach dem Umfang der Bestellungen. Die Auflage ist stets limitiert.<br>\u00dcbrigens wird als Besonderheit jedes Exemplar mit einer handschriftlichen Nummer versehen. Sponsoren ab 20 \u20ac erhalten ein Exemplar als Dankesch\u00f6n.<\/p>\n\n\n\n<p>Nach anf\u00e4nglichen Problemen mit der Druckqualit\u00e4t und vielen grauen Seiten im Format A5 sind wir seit vielen Jahren sehr stolz auf unser durchgehend farbiges, quadratisches Jahrbuch. Grund f\u00fcr die professionelle Gestaltung ist neben zunehmender Erfahrung und technischer Neuerungen vor allem die Zusammenarbeit mit Frau Erika Blunert, Inhaberin von Blunert Grafik Layout Thalheim, die uns zuverl\u00e4ssig und engagiert betreut.<\/p>\n\n\n\n<p>Dank der gro\u00dfz\u00fcgigen Sponsoren und Unterst\u00fctzer schaffen wir es seit Jahren, den Preis von 7 \u20ac pro Exemplar bei einem Umfang von ca. 125 Seiten zu halten.<br>An dieser Stelle sagen wir herzlichen Dank! Nat\u00fcrlich freuen wir uns bez\u00fcglich finanzieller Unterst\u00fctzung immer \u00fcber Zuwachs! Dies kann auf dem oben genannten Formular vermerkt werden. Gern nehmen wir dann Anzeigen in unser Jahrbuch auf.<\/p>\n\n\n\n<p>Die JB- Redaktion<\/p>\n\n\n\n<p><strong>Ein wichtiger Hinweis unsererseits:<\/strong><br>Das Bestellformular bitte sorgf\u00e4ltig lesen und vollst\u00e4ndig ausf\u00fcllen; besonders der Name und die Klasse\/der Kurs Ihres Kindes sind wichtig, damit wir auch bei abweichenden Namen sicher zuordnen k\u00f6nnen. Bitte beachten Sie auch die Angaben zu den Terminen und f\u00fcr Sponsoren.<br>Abgabe der Formulare bei Klassenlehrer<em>in bzw. Tutor<\/em>in<\/p>\n","protected":false},"excerpt":{"rendered":"<p>ist ein fester Bestandteil im Schulleben des MEGZ und hat bereits eine lange Tradition. Im Schuljahr 2023\/24 erschien bereits die 29. Ausgabe! Urspr\u00fcnglich entstand die Idee am ehemaligen Drei-Tannen-Gymnasium Thalheim und wurde nach der Fusion erfolgreich am Zw\u00f6nitzer Gymnasium weitergef\u00fchrt. In der Redaktion sind wir, die Lehrerinnen Heike Haase (Finanzierung) und Nicole Watzlaw-Fischer (Gestaltung), von<a class=\"more-link\" href=\"https:\/\/gymnasium-zwoenitz.com\/index.php\/schulleben\/unser-jahrbuch\/\">Continue reading <span class=\"screen-reader-text\">&#8222;Unser Jahrbuch&#8220;<\/span><\/a><\/p>\n","protected":false},"author":1,"featured_media":7877,"parent":20,"menu_order":0,"comment_status":"closed","ping_status":"closed","template":"","meta":{"footnotes":""},"tags":[],"class_list":["post-7868","page","type-page","status-publish","has-post-thumbnail","hentry"],"jetpack_sharing_enabled":false,"_links":{"self":[{"href":"https:\/\/gymnasium-zwoenitz.com\/index.php\/wp-json\/wp\/v2\/pages\/7868","targetHints":{"allow":["GET"]}}],"collection":[{"href":"https:\/\/gymnasium-zwoenitz.com\/index.php\/wp-json\/wp\/v2\/pages"}],"about":[{"href":"https:\/\/gymnasium-zwoenitz.com\/index.php\/wp-json\/wp\/v2\/types\/page"}],"author":[{"embeddable":true,"href":"https:\/\/gymnasium-zwoenitz.com\/index.php\/wp-json\/wp\/v2\/users\/1"}],"replies":[{"embeddable":true,"href":"https:\/\/gymnasium-zwoenitz.com\/index.php\/wp-json\/wp\/v2\/comments?post=7868"}],"version-history":[{"count":2,"href":"https:\/\/gymnasium-zwoenitz.com\/index.php\/wp-json\/wp\/v2\/pages\/7868\/revisions"}],"predecessor-version":[{"id":19792,"href":"https:\/\/gymnasium-zwoenitz.com\/index.php\/wp-json\/wp\/v2\/pages\/7868\/revisions\/19792"}],"up":[{"embeddable":true,"href":"https:\/\/gymnasium-zwoenitz.com\/index.php\/wp-json\/wp\/v2\/pages\/20"}],"wp:featuredmedia":[{"embeddable":true,"href":"https:\/\/gymnasium-zwoenitz.com\/index.php\/wp-json\/wp\/v2\/media\/7877"}],"wp:attachment":[{"href":"https:\/\/gymnasium-zwoenitz.com\/index.php\/wp-json\/wp\/v2\/media?parent=7868"}],"wp:term":[{"taxonomy":"post_tag","embeddable":true,"href":"https:\/\/gymnasium-zwoenitz.com\/index.php\/wp-json\/wp\/v2\/tags?post=7868"}],"curies":[{"name":"wp","href":"https:\/\/api.w.org\/{rel}","templated":true}]}}