{"id":7662,"date":"2021-01-27T08:11:36","date_gmt":"2021-01-27T07:11:36","guid":{"rendered":"http:\/\/gymnasium-zwoenitz.com\/?page_id=7662"},"modified":"2021-01-27T08:11:36","modified_gmt":"2021-01-27T07:11:36","slug":"voraussetzungen","status":"publish","type":"page","link":"https:\/\/gymnasium-zwoenitz.com\/index.php\/vorstellung-unserer-schule\/anmeldungen-von-oberschulerinnen\/voraussetzungen\/","title":{"rendered":"Voraussetzungen"},"content":{"rendered":"\n<p><strong>F\u00fcr einen Wechsel von der Oberschule zum Gymnasium m\u00fcssen folgende Punkte erf\u00fcllt sein:<\/strong><\/p>\n\n\n\n<ul class=\"wp-block-list\"><li><em>Wechsel nach Klasse 5 oder 6:<\/em> Auf dem Jahreszeugnis muss der Durchschnitt von Deutsch, Mathematik und Englisch mindestens 2,0 und Durchschnitt aller anderen F\u00e4cher besser als 2,5 sein.<\/li><li><em>Wechsel nach Klasse 7,8 oder 9:<\/em> Auf dem Jahreszeugnis muss der Durchschnitt von Deutsch, Mathematik und Englisch und aller anderen F\u00e4cher besser als 2,0 sein.<\/li><li><em>Wechsel nach Klasse 10: <\/em>Durchschnitt der Noten in Deutsch, Mathematik und Englisch muss besser als 2,5 sein und die Realschulpr\u00fcfung wurde bestanden.<\/li><\/ul>\n","protected":false},"excerpt":{"rendered":"<p>F\u00fcr einen Wechsel von der Oberschule zum Gymnasium m\u00fcssen folgende Punkte erf\u00fcllt sein: Wechsel nach Klasse 5 oder 6: Auf dem Jahreszeugnis muss der Durchschnitt von Deutsch, Mathematik und Englisch mindestens 2,0 und Durchschnitt aller anderen F\u00e4cher besser als 2,5 sein. Wechsel nach Klasse 7,8 oder 9: Auf dem Jahreszeugnis muss der Durchschnitt von Deutsch,<a class=\"more-link\" href=\"https:\/\/gymnasium-zwoenitz.com\/index.php\/vorstellung-unserer-schule\/anmeldungen-von-oberschulerinnen\/voraussetzungen\/\">Continue reading <span class=\"screen-reader-text\">&#8222;Voraussetzungen&#8220;<\/span><\/a><\/p>\n","protected":false},"author":1,"featured_media":0,"parent":7659,"menu_order":0,"comment_status":"closed","ping_status":"closed","template":"","meta":{"footnotes":""},"tags":[],"class_list":["post-7662","page","type-page","status-publish","hentry"],"jetpack_sharing_enabled":false,"_links":{"self":[{"href":"https:\/\/gymnasium-zwoenitz.com\/index.php\/wp-json\/wp\/v2\/pages\/7662","targetHints":{"allow":["GET"]}}],"collection":[{"href":"https:\/\/gymnasium-zwoenitz.com\/index.php\/wp-json\/wp\/v2\/pages"}],"about":[{"href":"https:\/\/gymnasium-zwoenitz.com\/index.php\/wp-json\/wp\/v2\/types\/page"}],"author":[{"embeddable":true,"href":"https:\/\/gymnasium-zwoenitz.com\/index.php\/wp-json\/wp\/v2\/users\/1"}],"replies":[{"embeddable":true,"href":"https:\/\/gymnasium-zwoenitz.com\/index.php\/wp-json\/wp\/v2\/comments?post=7662"}],"version-history":[{"count":0,"href":"https:\/\/gymnasium-zwoenitz.com\/index.php\/wp-json\/wp\/v2\/pages\/7662\/revisions"}],"up":[{"embeddable":true,"href":"https:\/\/gymnasium-zwoenitz.com\/index.php\/wp-json\/wp\/v2\/pages\/7659"}],"wp:attachment":[{"href":"https:\/\/gymnasium-zwoenitz.com\/index.php\/wp-json\/wp\/v2\/media?parent=7662"}],"wp:term":[{"taxonomy":"post_tag","embeddable":true,"href":"https:\/\/gymnasium-zwoenitz.com\/index.php\/wp-json\/wp\/v2\/tags?post=7662"}],"curies":[{"name":"wp","href":"https:\/\/api.w.org\/{rel}","templated":true}]}}