{"id":7659,"date":"2021-01-27T08:09:48","date_gmt":"2021-01-27T07:09:48","guid":{"rendered":"http:\/\/gymnasium-zwoenitz.com\/?page_id=7659"},"modified":"2023-09-13T14:42:05","modified_gmt":"2023-09-13T12:42:05","slug":"anmeldungen-von-oberschulerinnen","status":"publish","type":"page","link":"https:\/\/gymnasium-zwoenitz.com\/index.php\/vorstellung-unserer-schule\/anmeldungen-von-oberschulerinnen\/","title":{"rendered":"Anmeldungen von Obersch\u00fclerInnen"},"content":{"rendered":"\n<p>Sie und Ihr Kind m\u00f6chten sich \u00fcber einen Wechsel von der Oberschule zum Gymnasium erkundigen? Wir haben f\u00fcr Sie Informationen zu den Voraussetzungen eines Wechsels und Terminen zusammengestellt (siehe rechts).<\/p>\n","protected":false},"excerpt":{"rendered":"<p>Sie und Ihr Kind m\u00f6chten sich \u00fcber einen Wechsel von der Oberschule zum Gymnasium erkundigen? Wir haben f\u00fcr Sie Informationen zu den Voraussetzungen eines Wechsels und Terminen zusammengestellt (siehe rechts).<\/p>\n","protected":false},"author":1,"featured_media":1992,"parent":7560,"menu_order":0,"comment_status":"closed","ping_status":"closed","template":"","meta":{"footnotes":""},"tags":[],"class_list":["post-7659","page","type-page","status-publish","has-post-thumbnail","hentry"],"jetpack_sharing_enabled":false,"_links":{"self":[{"href":"https:\/\/gymnasium-zwoenitz.com\/index.php\/wp-json\/wp\/v2\/pages\/7659","targetHints":{"allow":["GET"]}}],"collection":[{"href":"https:\/\/gymnasium-zwoenitz.com\/index.php\/wp-json\/wp\/v2\/pages"}],"about":[{"href":"https:\/\/gymnasium-zwoenitz.com\/index.php\/wp-json\/wp\/v2\/types\/page"}],"author":[{"embeddable":true,"href":"https:\/\/gymnasium-zwoenitz.com\/index.php\/wp-json\/wp\/v2\/users\/1"}],"replies":[{"embeddable":true,"href":"https:\/\/gymnasium-zwoenitz.com\/index.php\/wp-json\/wp\/v2\/comments?post=7659"}],"version-history":[{"count":1,"href":"https:\/\/gymnasium-zwoenitz.com\/index.php\/wp-json\/wp\/v2\/pages\/7659\/revisions"}],"predecessor-version":[{"id":19533,"href":"https:\/\/gymnasium-zwoenitz.com\/index.php\/wp-json\/wp\/v2\/pages\/7659\/revisions\/19533"}],"up":[{"embeddable":true,"href":"https:\/\/gymnasium-zwoenitz.com\/index.php\/wp-json\/wp\/v2\/pages\/7560"}],"wp:featuredmedia":[{"embeddable":true,"href":"https:\/\/gymnasium-zwoenitz.com\/index.php\/wp-json\/wp\/v2\/media\/1992"}],"wp:attachment":[{"href":"https:\/\/gymnasium-zwoenitz.com\/index.php\/wp-json\/wp\/v2\/media?parent=7659"}],"wp:term":[{"taxonomy":"post_tag","embeddable":true,"href":"https:\/\/gymnasium-zwoenitz.com\/index.php\/wp-json\/wp\/v2\/tags?post=7659"}],"curies":[{"name":"wp","href":"https:\/\/api.w.org\/{rel}","templated":true}]}}