{"id":7579,"date":"2021-01-24T12:39:10","date_gmt":"2021-01-24T11:39:10","guid":{"rendered":"http:\/\/gymnasium-zwoenitz.com\/?page_id=7579"},"modified":"2024-10-16T09:01:36","modified_gmt":"2024-10-16T07:01:36","slug":"informationen","status":"publish","type":"page","link":"https:\/\/gymnasium-zwoenitz.com\/index.php\/vorstellung-unserer-schule\/informationen\/","title":{"rendered":"Informationen"},"content":{"rendered":"\n<p>Hier m\u00f6chten wir Ihnen und Euch einige Informationen geben, wie bei uns gelernt wird:<\/p>\n\n\n\n<p><strong>In der Klasse 5 werden folgende F\u00e4cher unterrichtet: Biologie, Deutsch, Englisch, Geografie, Geschichte, Kunst, Mathematik, Musik, Sport und Technik\/Computer, au\u00dferdem als Wahlpflichtfach Ethik oder Religion.<br>Mit Physik und einer 2. Fremdsprache kommen in der Klasse 6 noch zwei weitere F\u00e4cher hinzu.<\/strong><\/p>\n\n\n\n<p>Informationen zu den Fremdsprachen finden Sie <a href=\"https:\/\/gymnasium-zwoenitz.com\/index.php\/schulleben\/fremdsprachen-und-profile\/\" data-type=\"page\" data-id=\"398\">hier<\/a>.<\/p>\n\n\n\n<p><strong>Ab Klasse 8 k\u00f6nnen unsere Sch\u00fcler zwischen dem naturwissenschaftlichen Profil, dem Erlernen einer dritten Fremdsprache oder dem sportlichen Profil w\u00e4hlen.<\/strong><\/p>\n\n\n\n<p>Informationen zur Profilwahl finden Sie <a href=\"https:\/\/gymnasium-zwoenitz.com\/index.php\/schulleben\/fremdsprachen-und-profile\/\" data-type=\"page\" data-id=\"398\">hier<\/a>.<\/p>\n\n\n\n<p><strong>Nat\u00fcrlich findet unser Schulleben auch au\u00dferhalb des Unterrichts statt, alle Sch\u00fcler k\u00f6nnen zwischen einer vielf\u00e4ltigen Auswahl an Ganztagesangeboten w\u00e4hlen.<\/strong><\/p>\n\n\n\n<p>Zu den Ganztagsangeboten geht es <a href=\"https:\/\/gymnasium-zwoenitz.com\/index.php\/schulleben\/ganztagsangebote-und-ags\/\" data-type=\"page\" data-id=\"129\">hier<\/a>.<\/p>\n","protected":false},"excerpt":{"rendered":"<p>Hier m\u00f6chten wir Ihnen und Euch einige Informationen geben, wie bei uns gelernt wird: In der Klasse 5 werden folgende F\u00e4cher unterrichtet: Biologie, Deutsch, Englisch, Geografie, Geschichte, Kunst, Mathematik, Musik, Sport und Technik\/Computer, au\u00dferdem als Wahlpflichtfach Ethik oder Religion.Mit Physik und einer 2. Fremdsprache kommen in der Klasse 6 noch zwei weitere F\u00e4cher hinzu. Informationen<a class=\"more-link\" href=\"https:\/\/gymnasium-zwoenitz.com\/index.php\/vorstellung-unserer-schule\/informationen\/\">Continue reading <span class=\"screen-reader-text\">&#8222;Informationen&#8220;<\/span><\/a><\/p>\n","protected":false},"author":1,"featured_media":1990,"parent":7560,"menu_order":0,"comment_status":"closed","ping_status":"closed","template":"","meta":{"footnotes":""},"tags":[],"class_list":["post-7579","page","type-page","status-publish","has-post-thumbnail","hentry"],"jetpack_sharing_enabled":false,"_links":{"self":[{"href":"https:\/\/gymnasium-zwoenitz.com\/index.php\/wp-json\/wp\/v2\/pages\/7579","targetHints":{"allow":["GET"]}}],"collection":[{"href":"https:\/\/gymnasium-zwoenitz.com\/index.php\/wp-json\/wp\/v2\/pages"}],"about":[{"href":"https:\/\/gymnasium-zwoenitz.com\/index.php\/wp-json\/wp\/v2\/types\/page"}],"author":[{"embeddable":true,"href":"https:\/\/gymnasium-zwoenitz.com\/index.php\/wp-json\/wp\/v2\/users\/1"}],"replies":[{"embeddable":true,"href":"https:\/\/gymnasium-zwoenitz.com\/index.php\/wp-json\/wp\/v2\/comments?post=7579"}],"version-history":[{"count":4,"href":"https:\/\/gymnasium-zwoenitz.com\/index.php\/wp-json\/wp\/v2\/pages\/7579\/revisions"}],"predecessor-version":[{"id":19796,"href":"https:\/\/gymnasium-zwoenitz.com\/index.php\/wp-json\/wp\/v2\/pages\/7579\/revisions\/19796"}],"up":[{"embeddable":true,"href":"https:\/\/gymnasium-zwoenitz.com\/index.php\/wp-json\/wp\/v2\/pages\/7560"}],"wp:featuredmedia":[{"embeddable":true,"href":"https:\/\/gymnasium-zwoenitz.com\/index.php\/wp-json\/wp\/v2\/media\/1990"}],"wp:attachment":[{"href":"https:\/\/gymnasium-zwoenitz.com\/index.php\/wp-json\/wp\/v2\/media?parent=7579"}],"wp:term":[{"taxonomy":"post_tag","embeddable":true,"href":"https:\/\/gymnasium-zwoenitz.com\/index.php\/wp-json\/wp\/v2\/tags?post=7579"}],"curies":[{"name":"wp","href":"https:\/\/api.w.org\/{rel}","templated":true}]}}