{"id":7564,"date":"2021-01-24T12:34:41","date_gmt":"2021-01-24T11:34:41","guid":{"rendered":"http:\/\/gymnasium-zwoenitz.com\/?page_id=7564"},"modified":"2021-01-24T12:34:41","modified_gmt":"2021-01-24T11:34:41","slug":"impressionen","status":"publish","type":"page","link":"https:\/\/gymnasium-zwoenitz.com\/index.php\/vorstellung-unserer-schule\/impressionen\/","title":{"rendered":"Impressionen"},"content":{"rendered":"\n<p>Hier m\u00f6chten wir Ihnen und Euch einige Eindr\u00fccke unseres (normalen) Schulalltags geben. <br>Bei uns finden viele sportliche, musikalische und andere kulturelle Aktivit\u00e4ten statt:<\/p>\n\n\n\n<p><strong>Schulfest, Weihnachtsfest, Chorkonzerte und Chorlager, Theater, Projekttage und Tag der offenen T\u00fcr, Schnupperunterricht f\u00fcr Grundsch\u00fcler, Vorlesewettbewerb, Teilnahme an \u201eJugend debattiert\u201c und \u201eJugend forscht\u201c, Sportfest und Turniere, \u201eGenialsozial\u201c, Sch\u00fcleraustausch und vieles mehr.<\/strong><\/p>\n\n\n\n<div class=\"wp-block-jetpack-slideshow aligncenter\" data-autoplay=\"true\" data-delay=\"5\" data-effect=\"slide\"><div class=\"wp-block-jetpack-slideshow_container swiper-container\"><ul class=\"wp-block-jetpack-slideshow_swiper-wrapper swiper-wrapper\"><li class=\"wp-block-jetpack-slideshow_slide swiper-slide\"><figure><img decoding=\"async\" alt=\"\" class=\"wp-block-jetpack-slideshow_image wp-image-7693\" data-id=\"7693\" src=\"https:\/\/gymnasiumzwoenitz.files.wordpress.com\/2021\/01\/china3.jpg?w=715\" \/><\/figure><\/li><li class=\"wp-block-jetpack-slideshow_slide swiper-slide\"><figure><img decoding=\"async\" alt=\"\" class=\"wp-block-jetpack-slideshow_image wp-image-7700\" data-id=\"7700\" src=\"https:\/\/gymnasiumzwoenitz.files.wordpress.com\/2021\/01\/china1-1.jpg?w=715\" \/><figcaption class=\"wp-block-jetpack-slideshow_caption gallery-caption\">Sch\u00fcleraustausch China<\/figcaption><\/figure><\/li><li class=\"wp-block-jetpack-slideshow_slide swiper-slide\"><figure><img decoding=\"async\" alt=\"\" class=\"wp-block-jetpack-slideshow_image wp-image-7697\" data-id=\"7697\" src=\"https:\/\/gymnasiumzwoenitz.files.wordpress.com\/2021\/01\/klassenfahrt.jpg?w=715\" \/><\/figure><\/li><li class=\"wp-block-jetpack-slideshow_slide swiper-slide\"><figure><img decoding=\"async\" alt=\"\" class=\"wp-block-jetpack-slideshow_image wp-image-7696\" data-id=\"7696\" src=\"https:\/\/gymnasiumzwoenitz.files.wordpress.com\/2021\/01\/jugend-x-debattiert.jpg?w=715\" \/><figcaption class=\"wp-block-jetpack-slideshow_caption gallery-caption\">Jugend debattiert<\/figcaption><\/figure><\/li><li class=\"wp-block-jetpack-slideshow_slide swiper-slide\"><figure><img decoding=\"async\" alt=\"\" class=\"wp-block-jetpack-slideshow_image wp-image-7695\" data-id=\"7695\" src=\"https:\/\/gymnasiumzwoenitz.files.wordpress.com\/2021\/01\/jugend-forscht.jpg?w=715\" \/><figcaption class=\"wp-block-jetpack-slideshow_caption gallery-caption\">Preisverleihung &#8222;Jugend forscht&#8220;<\/figcaption><\/figure><\/li><li class=\"wp-block-jetpack-slideshow_slide swiper-slide\"><figure><img loading=\"lazy\" decoding=\"async\" width=\"1296\" height=\"864\" alt=\"\" class=\"wp-block-jetpack-slideshow_image wp-image-7694\" data-id=\"7694\" src=\"https:\/\/gymnasiumzwoenitz.files.wordpress.com\/2021\/01\/chor-6.jpg?w=715\" srcset=\"https:\/\/gymnasium-zwoenitz.com\/wp-content\/uploads\/2021\/01\/chor-6.jpg 1296w, https:\/\/gymnasium-zwoenitz.com\/wp-content\/uploads\/2021\/01\/chor-6-300x200.jpg 300w, https:\/\/gymnasium-zwoenitz.com\/wp-content\/uploads\/2021\/01\/chor-6-1024x683.jpg 1024w, https:\/\/gymnasium-zwoenitz.com\/wp-content\/uploads\/2021\/01\/chor-6-768x512.jpg 768w, https:\/\/gymnasium-zwoenitz.com\/wp-content\/uploads\/2021\/01\/chor-6-648x432.jpg 648w, https:\/\/gymnasium-zwoenitz.com\/wp-content\/uploads\/2021\/01\/chor-6-288x192.jpg 288w\" sizes=\"(max-width: 1296px) 100vw, 1296px\" \/><figcaption class=\"wp-block-jetpack-slideshow_caption gallery-caption\">Chorlager<\/figcaption><\/figure><\/li><li class=\"wp-block-jetpack-slideshow_slide swiper-slide\"><figure><img decoding=\"async\" alt=\"\" class=\"wp-block-jetpack-slideshow_image wp-image-7702\" data-id=\"7702\" src=\"https:\/\/gymnasiumzwoenitz.files.wordpress.com\/2021\/01\/austausch-tschechien-altes-eisenwerk-ostrava-1.jpg?w=715\" \/><figcaption class=\"wp-block-jetpack-slideshow_caption gallery-caption\">Sch\u00fcleraustausch<\/figcaption><\/figure><\/li><li class=\"wp-block-jetpack-slideshow_slide swiper-slide\"><figure><img decoding=\"async\" alt=\"\" class=\"wp-block-jetpack-slideshow_image wp-image-7703\" data-id=\"7703\" src=\"https:\/\/gymnasiumzwoenitz.files.wordpress.com\/2021\/01\/china2-1.jpg?w=715\" \/><figcaption class=\"wp-block-jetpack-slideshow_caption gallery-caption\">Sch\u00fcleraustausch<\/figcaption><\/figure><\/li><li class=\"wp-block-jetpack-slideshow_slide swiper-slide\"><figure><img decoding=\"async\" alt=\"\" class=\"wp-block-jetpack-slideshow_image wp-image-7704\" data-id=\"7704\" src=\"https:\/\/gymnasiumzwoenitz.files.wordpress.com\/2021\/01\/chor-sarah-liebsch-10a.jpg?w=715\" \/><figcaption class=\"wp-block-jetpack-slideshow_caption gallery-caption\">Kunstprojekt<\/figcaption><\/figure><\/li><li class=\"wp-block-jetpack-slideshow_slide swiper-slide\"><figure><img decoding=\"async\" alt=\"\" class=\"wp-block-jetpack-slideshow_image wp-image-7705\" data-id=\"7705\" src=\"https:\/\/gymnasiumzwoenitz.files.wordpress.com\/2021\/01\/chor4.jpg?w=715\" \/><figcaption class=\"wp-block-jetpack-slideshow_caption gallery-caption\">Chorkonzert<\/figcaption><\/figure><\/li><li class=\"wp-block-jetpack-slideshow_slide swiper-slide\"><figure><img decoding=\"async\" alt=\"\" class=\"wp-block-jetpack-slideshow_image wp-image-7706\" data-id=\"7706\" src=\"https:\/\/gymnasiumzwoenitz.files.wordpress.com\/2021\/01\/iss4.jpg?w=715\" \/><\/figure><\/li><li class=\"wp-block-jetpack-slideshow_slide swiper-slide\"><figure><img decoding=\"async\" alt=\"\" class=\"wp-block-jetpack-slideshow_image wp-image-7707\" data-id=\"7707\" src=\"https:\/\/gymnasiumzwoenitz.files.wordpress.com\/2021\/01\/iss5.jpg?w=715\" \/><\/figure><\/li><li class=\"wp-block-jetpack-slideshow_slide swiper-slide\"><figure><img decoding=\"async\" alt=\"\" class=\"wp-block-jetpack-slideshow_image wp-image-7708\" data-id=\"7708\" src=\"https:\/\/gymnasiumzwoenitz.files.wordpress.com\/2021\/01\/iss6.jpg?w=715\" \/><\/figure><\/li><li class=\"wp-block-jetpack-slideshow_slide swiper-slide\"><figure><img decoding=\"async\" alt=\"\" class=\"wp-block-jetpack-slideshow_image wp-image-7709\" data-id=\"7709\" src=\"https:\/\/gymnasiumzwoenitz.files.wordpress.com\/2021\/01\/iss7.jpg?w=715\" \/><\/figure><\/li><li class=\"wp-block-jetpack-slideshow_slide swiper-slide\"><figure><img decoding=\"async\" alt=\"\" class=\"wp-block-jetpack-slideshow_image wp-image-7710\" data-id=\"7710\" src=\"https:\/\/gymnasiumzwoenitz.files.wordpress.com\/2021\/01\/klassenfahrt3.jpg?w=715\" \/><\/figure><\/li><li class=\"wp-block-jetpack-slideshow_slide swiper-slide\"><figure><img decoding=\"async\" alt=\"\" class=\"wp-block-jetpack-slideshow_image wp-image-7711\" data-id=\"7711\" src=\"https:\/\/gymnasiumzwoenitz.files.wordpress.com\/2021\/01\/letzter-schultag.jpg?w=715\" \/><\/figure><\/li><li class=\"wp-block-jetpack-slideshow_slide swiper-slide\"><figure><img decoding=\"async\" alt=\"\" class=\"wp-block-jetpack-slideshow_image wp-image-7712\" data-id=\"7712\" src=\"https:\/\/gymnasiumzwoenitz.files.wordpress.com\/2021\/01\/mmusik.jpg?w=715\" \/><\/figure><\/li><li class=\"wp-block-jetpack-slideshow_slide swiper-slide\"><figure><img decoding=\"async\" alt=\"\" class=\"wp-block-jetpack-slideshow_image wp-image-7713\" data-id=\"7713\" src=\"https:\/\/gymnasiumzwoenitz.files.wordpress.com\/2021\/01\/monster-kunst.jpg?w=715\" \/><figcaption class=\"wp-block-jetpack-slideshow_caption gallery-caption\">Kunstprojekt<\/figcaption><\/figure><\/li><li class=\"wp-block-jetpack-slideshow_slide swiper-slide\"><figure><img decoding=\"async\" alt=\"\" class=\"wp-block-jetpack-slideshow_image wp-image-7714\" data-id=\"7714\" src=\"https:\/\/gymnasiumzwoenitz.files.wordpress.com\/2021\/01\/projekt7.jpg?w=715\" \/><\/figure><\/li><li class=\"wp-block-jetpack-slideshow_slide swiper-slide\"><figure><img decoding=\"async\" alt=\"\" class=\"wp-block-jetpack-slideshow_image wp-image-7715\" data-id=\"7715\" src=\"https:\/\/gymnasiumzwoenitz.files.wordpress.com\/2021\/01\/projekt9.jpg?w=715\" \/><\/figure><\/li><li class=\"wp-block-jetpack-slideshow_slide swiper-slide\"><figure><img loading=\"lazy\" decoding=\"async\" width=\"1661\" height=\"1665\" alt=\"\" class=\"wp-block-jetpack-slideshow_image wp-image-7716\" data-id=\"7716\" src=\"https:\/\/gymnasiumzwoenitz.files.wordpress.com\/2021\/01\/projekt12.jpg?w=715\" srcset=\"https:\/\/gymnasium-zwoenitz.com\/wp-content\/uploads\/2021\/01\/projekt12.jpg 1661w, https:\/\/gymnasium-zwoenitz.com\/wp-content\/uploads\/2021\/01\/projekt12-300x300.jpg 300w, https:\/\/gymnasium-zwoenitz.com\/wp-content\/uploads\/2021\/01\/projekt12-1022x1024.jpg 1022w, https:\/\/gymnasium-zwoenitz.com\/wp-content\/uploads\/2021\/01\/projekt12-150x150.jpg 150w, https:\/\/gymnasium-zwoenitz.com\/wp-content\/uploads\/2021\/01\/projekt12-768x770.jpg 768w, https:\/\/gymnasium-zwoenitz.com\/wp-content\/uploads\/2021\/01\/projekt12-1532x1536.jpg 1532w, https:\/\/gymnasium-zwoenitz.com\/wp-content\/uploads\/2021\/01\/projekt12-330x330.jpg 330w, https:\/\/gymnasium-zwoenitz.com\/wp-content\/uploads\/2021\/01\/projekt12-96x96.jpg 96w, https:\/\/gymnasium-zwoenitz.com\/wp-content\/uploads\/2021\/01\/projekt12-648x650.jpg 648w, https:\/\/gymnasium-zwoenitz.com\/wp-content\/uploads\/2021\/01\/projekt12-192x192.jpg 192w\" sizes=\"(max-width: 1661px) 100vw, 1661px\" \/><\/figure><\/li><li class=\"wp-block-jetpack-slideshow_slide swiper-slide\"><figure><img decoding=\"async\" alt=\"\" class=\"wp-block-jetpack-slideshow_image wp-image-7717\" data-id=\"7717\" src=\"https:\/\/gymnasiumzwoenitz.files.wordpress.com\/2021\/01\/projekt13.jpg?w=715\" \/><\/figure><\/li><li class=\"wp-block-jetpack-slideshow_slide swiper-slide\"><figure><img decoding=\"async\" alt=\"\" class=\"wp-block-jetpack-slideshow_image wp-image-7718\" data-id=\"7718\" src=\"https:\/\/gymnasiumzwoenitz.files.wordpress.com\/2021\/01\/projekte.jpg?w=715\" \/><\/figure><\/li><li class=\"wp-block-jetpack-slideshow_slide swiper-slide\"><figure><img decoding=\"async\" alt=\"\" class=\"wp-block-jetpack-slideshow_image wp-image-7719\" data-id=\"7719\" src=\"https:\/\/gymnasiumzwoenitz.files.wordpress.com\/2021\/01\/projekte2.jpg?w=715\" \/><\/figure><\/li><li class=\"wp-block-jetpack-slideshow_slide swiper-slide\"><figure><img decoding=\"async\" alt=\"\" class=\"wp-block-jetpack-slideshow_image wp-image-7720\" data-id=\"7720\" src=\"https:\/\/gymnasiumzwoenitz.files.wordpress.com\/2021\/01\/projekte4.jpg?w=715\" \/><\/figure><\/li><li class=\"wp-block-jetpack-slideshow_slide swiper-slide\"><figure><img decoding=\"async\" alt=\"\" class=\"wp-block-jetpack-slideshow_image wp-image-7721\" data-id=\"7721\" src=\"https:\/\/gymnasiumzwoenitz.files.wordpress.com\/2021\/01\/projekte5.jpg?w=715\" \/><\/figure><\/li><li class=\"wp-block-jetpack-slideshow_slide swiper-slide\"><figure><img decoding=\"async\" alt=\"\" class=\"wp-block-jetpack-slideshow_image wp-image-7722\" data-id=\"7722\" src=\"https:\/\/gymnasiumzwoenitz.files.wordpress.com\/2021\/01\/projekte6.jpg?w=715\" \/><\/figure><\/li><li class=\"wp-block-jetpack-slideshow_slide swiper-slide\"><figure><img decoding=\"async\" alt=\"\" class=\"wp-block-jetpack-slideshow_image wp-image-7723\" data-id=\"7723\" src=\"https:\/\/gymnasiumzwoenitz.files.wordpress.com\/2021\/01\/projekte17.jpg?w=715\" \/><figcaption class=\"wp-block-jetpack-slideshow_caption gallery-caption\">Chorkonzert<\/figcaption><\/figure><\/li><li class=\"wp-block-jetpack-slideshow_slide swiper-slide\"><figure><img decoding=\"async\" alt=\"\" class=\"wp-block-jetpack-slideshow_image wp-image-7724\" data-id=\"7724\" src=\"https:\/\/gymnasiumzwoenitz.files.wordpress.com\/2021\/01\/projektxexpressionismus-lucy-noetzold-10d.jpg?w=715\" \/><\/figure><\/li><li class=\"wp-block-jetpack-slideshow_slide swiper-slide\"><figure><img decoding=\"async\" alt=\"\" class=\"wp-block-jetpack-slideshow_image wp-image-7725\" data-id=\"7725\" src=\"https:\/\/gymnasiumzwoenitz.files.wordpress.com\/2021\/01\/ptdot1.jpg?w=715\" \/><\/figure><\/li><li class=\"wp-block-jetpack-slideshow_slide swiper-slide\"><figure><img decoding=\"async\" alt=\"\" class=\"wp-block-jetpack-slideshow_image wp-image-7726\" data-id=\"7726\" src=\"https:\/\/gymnasiumzwoenitz.files.wordpress.com\/2021\/01\/ptdot2.jpg?w=715\" \/><\/figure><\/li><li class=\"wp-block-jetpack-slideshow_slide swiper-slide\"><figure><img decoding=\"async\" alt=\"\" class=\"wp-block-jetpack-slideshow_image wp-image-7727\" data-id=\"7727\" src=\"https:\/\/gymnasiumzwoenitz.files.wordpress.com\/2021\/01\/ptdot4.jpg?w=715\" \/><\/figure><\/li><li class=\"wp-block-jetpack-slideshow_slide swiper-slide\"><figure><img decoding=\"async\" alt=\"\" class=\"wp-block-jetpack-slideshow_image wp-image-7728\" data-id=\"7728\" src=\"https:\/\/gymnasiumzwoenitz.files.wordpress.com\/2021\/01\/ptdot5.jpg?w=462\" \/><\/figure><\/li><li class=\"wp-block-jetpack-slideshow_slide swiper-slide\"><figure><img decoding=\"async\" alt=\"\" class=\"wp-block-jetpack-slideshow_image wp-image-7729\" data-id=\"7729\" src=\"https:\/\/gymnasiumzwoenitz.files.wordpress.com\/2021\/01\/ptdot8.jpg?w=715\" \/><\/figure><\/li><li class=\"wp-block-jetpack-slideshow_slide swiper-slide\"><figure><img decoding=\"async\" alt=\"\" class=\"wp-block-jetpack-slideshow_image wp-image-7730\" data-id=\"7730\" src=\"https:\/\/gymnasiumzwoenitz.files.wordpress.com\/2021\/01\/ptdot9.jpg?w=715\" \/><\/figure><\/li><li class=\"wp-block-jetpack-slideshow_slide swiper-slide\"><figure><img decoding=\"async\" alt=\"\" class=\"wp-block-jetpack-slideshow_image wp-image-7731\" data-id=\"7731\" src=\"https:\/\/gymnasiumzwoenitz.files.wordpress.com\/2021\/01\/ptdot10.jpg?w=715\" \/><\/figure><\/li><li class=\"wp-block-jetpack-slideshow_slide swiper-slide\"><figure><img decoding=\"async\" alt=\"\" class=\"wp-block-jetpack-slideshow_image wp-image-7732\" data-id=\"7732\" src=\"https:\/\/gymnasiumzwoenitz.files.wordpress.com\/2021\/01\/ptdot11.jpg?w=715\" \/><\/figure><\/li><li class=\"wp-block-jetpack-slideshow_slide swiper-slide\"><figure><img loading=\"lazy\" decoding=\"async\" width=\"1280\" height=\"960\" alt=\"\" class=\"wp-block-jetpack-slideshow_image wp-image-7733\" data-id=\"7733\" src=\"https:\/\/gymnasiumzwoenitz.files.wordpress.com\/2021\/01\/ptdot13.jpg?w=715\" srcset=\"https:\/\/gymnasium-zwoenitz.com\/wp-content\/uploads\/2021\/01\/ptdot13.jpg 1280w, https:\/\/gymnasium-zwoenitz.com\/wp-content\/uploads\/2021\/01\/ptdot13-300x225.jpg 300w, https:\/\/gymnasium-zwoenitz.com\/wp-content\/uploads\/2021\/01\/ptdot13-1024x768.jpg 1024w, https:\/\/gymnasium-zwoenitz.com\/wp-content\/uploads\/2021\/01\/ptdot13-768x576.jpg 768w, https:\/\/gymnasium-zwoenitz.com\/wp-content\/uploads\/2021\/01\/ptdot13-648x486.jpg 648w, https:\/\/gymnasium-zwoenitz.com\/wp-content\/uploads\/2021\/01\/ptdot13-256x192.jpg 256w\" sizes=\"(max-width: 1280px) 100vw, 1280px\" \/><\/figure><\/li><li class=\"wp-block-jetpack-slideshow_slide swiper-slide\"><figure><img decoding=\"async\" alt=\"\" class=\"wp-block-jetpack-slideshow_image wp-image-7734\" data-id=\"7734\" src=\"https:\/\/gymnasiumzwoenitz.files.wordpress.com\/2021\/01\/ptdot15.jpg?w=715\" \/><\/figure><\/li><li class=\"wp-block-jetpack-slideshow_slide swiper-slide\"><figure><img decoding=\"async\" alt=\"\" class=\"wp-block-jetpack-slideshow_image wp-image-7735\" data-id=\"7735\" src=\"https:\/\/gymnasiumzwoenitz.files.wordpress.com\/2021\/01\/ptdot16.jpg?w=715\" \/><\/figure><\/li><li class=\"wp-block-jetpack-slideshow_slide swiper-slide\"><figure><img decoding=\"async\" alt=\"\" class=\"wp-block-jetpack-slideshow_image wp-image-7736\" data-id=\"7736\" src=\"https:\/\/gymnasiumzwoenitz.files.wordpress.com\/2021\/01\/schulfest1.jpg?w=715\" \/><\/figure><\/li><li class=\"wp-block-jetpack-slideshow_slide swiper-slide\"><figure><img decoding=\"async\" alt=\"\" class=\"wp-block-jetpack-slideshow_image wp-image-7737\" data-id=\"7737\" src=\"https:\/\/gymnasiumzwoenitz.files.wordpress.com\/2021\/01\/schulfest2.jpg?w=715\" \/><\/figure><\/li><li class=\"wp-block-jetpack-slideshow_slide swiper-slide\"><figure><img decoding=\"async\" alt=\"\" class=\"wp-block-jetpack-slideshow_image wp-image-7738\" data-id=\"7738\" src=\"https:\/\/gymnasiumzwoenitz.files.wordpress.com\/2021\/01\/schulfest4.jpg?w=715\" \/><\/figure><\/li><li class=\"wp-block-jetpack-slideshow_slide swiper-slide\"><figure><img decoding=\"async\" alt=\"\" class=\"wp-block-jetpack-slideshow_image wp-image-7739\" data-id=\"7739\" src=\"https:\/\/gymnasiumzwoenitz.files.wordpress.com\/2021\/01\/schulfest5.jpg?w=715\" \/><\/figure><\/li><li class=\"wp-block-jetpack-slideshow_slide swiper-slide\"><figure><img decoding=\"async\" alt=\"\" class=\"wp-block-jetpack-slideshow_image wp-image-7740\" data-id=\"7740\" src=\"https:\/\/gymnasiumzwoenitz.files.wordpress.com\/2021\/01\/schulfest6.jpg?w=715\" \/><\/figure><\/li><li class=\"wp-block-jetpack-slideshow_slide swiper-slide\"><figure><img decoding=\"async\" alt=\"\" class=\"wp-block-jetpack-slideshow_image wp-image-7741\" data-id=\"7741\" src=\"https:\/\/gymnasiumzwoenitz.files.wordpress.com\/2021\/01\/schulfestgenialsozial.jpg?w=715\" \/><\/figure><\/li><li class=\"wp-block-jetpack-slideshow_slide swiper-slide\"><figure><img decoding=\"async\" alt=\"\" class=\"wp-block-jetpack-slideshow_image wp-image-7742\" data-id=\"7742\" src=\"https:\/\/gymnasiumzwoenitz.files.wordpress.com\/2021\/01\/sport.jpg?w=715\" \/><\/figure><\/li><li class=\"wp-block-jetpack-slideshow_slide swiper-slide\"><figure><img decoding=\"async\" alt=\"\" class=\"wp-block-jetpack-slideshow_image wp-image-7743\" data-id=\"7743\" src=\"https:\/\/gymnasiumzwoenitz.files.wordpress.com\/2021\/01\/sport1.jpg?w=715\" \/><\/figure><\/li><li class=\"wp-block-jetpack-slideshow_slide swiper-slide\"><figure><img decoding=\"async\" alt=\"\" class=\"wp-block-jetpack-slideshow_image wp-image-7744\" data-id=\"7744\" src=\"https:\/\/gymnasiumzwoenitz.files.wordpress.com\/2021\/01\/sportzweifelderball-5.jpg?w=715\" \/><\/figure><\/li><li class=\"wp-block-jetpack-slideshow_slide swiper-slide\"><figure><img loading=\"lazy\" decoding=\"async\" width=\"1221\" height=\"1968\" alt=\"\" class=\"wp-block-jetpack-slideshow_image wp-image-7745\" data-id=\"7745\" src=\"https:\/\/gymnasiumzwoenitz.files.wordpress.com\/2021\/01\/stadt-theresa-ullmann-7b.jpg?w=635\" srcset=\"https:\/\/gymnasium-zwoenitz.com\/wp-content\/uploads\/2021\/01\/stadt-theresa-ullmann-7b.jpg 1221w, https:\/\/gymnasium-zwoenitz.com\/wp-content\/uploads\/2021\/01\/stadt-theresa-ullmann-7b-186x300.jpg 186w, https:\/\/gymnasium-zwoenitz.com\/wp-content\/uploads\/2021\/01\/stadt-theresa-ullmann-7b-635x1024.jpg 635w, https:\/\/gymnasium-zwoenitz.com\/wp-content\/uploads\/2021\/01\/stadt-theresa-ullmann-7b-768x1238.jpg 768w, https:\/\/gymnasium-zwoenitz.com\/wp-content\/uploads\/2021\/01\/stadt-theresa-ullmann-7b-953x1536.jpg 953w, https:\/\/gymnasium-zwoenitz.com\/wp-content\/uploads\/2021\/01\/stadt-theresa-ullmann-7b-648x1044.jpg 648w, https:\/\/gymnasium-zwoenitz.com\/wp-content\/uploads\/2021\/01\/stadt-theresa-ullmann-7b-119x192.jpg 119w\" sizes=\"(max-width: 1221px) 100vw, 1221px\" \/><\/figure><\/li><li class=\"wp-block-jetpack-slideshow_slide swiper-slide\"><figure><img loading=\"lazy\" decoding=\"async\" width=\"2454\" height=\"1627\" alt=\"\" class=\"wp-block-jetpack-slideshow_image wp-image-7747\" data-id=\"7747\" src=\"https:\/\/gymnasiumzwoenitz.files.wordpress.com\/2021\/01\/streitschlichter-3.jpg?w=715\" srcset=\"https:\/\/gymnasium-zwoenitz.com\/wp-content\/uploads\/2021\/01\/streitschlichter-3.jpg 2454w, https:\/\/gymnasium-zwoenitz.com\/wp-content\/uploads\/2021\/01\/streitschlichter-3-300x199.jpg 300w, https:\/\/gymnasium-zwoenitz.com\/wp-content\/uploads\/2021\/01\/streitschlichter-3-1024x679.jpg 1024w, https:\/\/gymnasium-zwoenitz.com\/wp-content\/uploads\/2021\/01\/streitschlichter-3-768x509.jpg 768w, https:\/\/gymnasium-zwoenitz.com\/wp-content\/uploads\/2021\/01\/streitschlichter-3-1536x1018.jpg 1536w, https:\/\/gymnasium-zwoenitz.com\/wp-content\/uploads\/2021\/01\/streitschlichter-3-2048x1358.jpg 2048w, https:\/\/gymnasium-zwoenitz.com\/wp-content\/uploads\/2021\/01\/streitschlichter-3-648x430.jpg 648w, https:\/\/gymnasium-zwoenitz.com\/wp-content\/uploads\/2021\/01\/streitschlichter-3-290x192.jpg 290w\" sizes=\"(max-width: 2454px) 100vw, 2454px\" \/><\/figure><\/li><li class=\"wp-block-jetpack-slideshow_slide swiper-slide\"><figure><img decoding=\"async\" alt=\"\" class=\"wp-block-jetpack-slideshow_image wp-image-7748\" data-id=\"7748\" src=\"https:\/\/gymnasiumzwoenitz.files.wordpress.com\/2021\/01\/tb-lilly-a.1.jpg?w=715\" \/><\/figure><\/li><li class=\"wp-block-jetpack-slideshow_slide swiper-slide\"><figure><img decoding=\"async\" alt=\"\" class=\"wp-block-jetpack-slideshow_image wp-image-7749\" data-id=\"7749\" src=\"https:\/\/gymnasiumzwoenitz.files.wordpress.com\/2021\/01\/technik.jpg?w=715\" \/><\/figure><\/li><li class=\"wp-block-jetpack-slideshow_slide swiper-slide\"><figure><img decoding=\"async\" alt=\"\" class=\"wp-block-jetpack-slideshow_image wp-image-7750\" data-id=\"7750\" src=\"https:\/\/gymnasiumzwoenitz.files.wordpress.com\/2021\/01\/theater.jpg?w=715\" \/><\/figure><\/li><li class=\"wp-block-jetpack-slideshow_slide swiper-slide\"><figure><img decoding=\"async\" alt=\"\" class=\"wp-block-jetpack-slideshow_image wp-image-7751\" data-id=\"7751\" src=\"https:\/\/gymnasiumzwoenitz.files.wordpress.com\/2021\/01\/vorleser.jpg?w=715\" \/><\/figure><\/li><li class=\"wp-block-jetpack-slideshow_slide swiper-slide\"><figure><img loading=\"lazy\" decoding=\"async\" width=\"960\" height=\"1280\" alt=\"\" class=\"wp-block-jetpack-slideshow_image wp-image-7752\" data-id=\"7752\" src=\"https:\/\/gymnasiumzwoenitz.files.wordpress.com\/2021\/01\/weihnachten-kunst.jpg?w=715\" srcset=\"https:\/\/gymnasium-zwoenitz.com\/wp-content\/uploads\/2021\/01\/weihnachten-kunst.jpg 960w, https:\/\/gymnasium-zwoenitz.com\/wp-content\/uploads\/2021\/01\/weihnachten-kunst-225x300.jpg 225w, https:\/\/gymnasium-zwoenitz.com\/wp-content\/uploads\/2021\/01\/weihnachten-kunst-768x1024.jpg 768w, https:\/\/gymnasium-zwoenitz.com\/wp-content\/uploads\/2021\/01\/weihnachten-kunst-648x864.jpg 648w, https:\/\/gymnasium-zwoenitz.com\/wp-content\/uploads\/2021\/01\/weihnachten-kunst-144x192.jpg 144w\" sizes=\"(max-width: 960px) 100vw, 960px\" \/><\/figure><\/li><li class=\"wp-block-jetpack-slideshow_slide swiper-slide\"><figure><img decoding=\"async\" alt=\"\" class=\"wp-block-jetpack-slideshow_image wp-image-7753\" data-id=\"7753\" src=\"https:\/\/gymnasiumzwoenitz.files.wordpress.com\/2021\/01\/weihnachten4.jpg?w=715\" \/><\/figure><\/li><li class=\"wp-block-jetpack-slideshow_slide swiper-slide\"><figure><img decoding=\"async\" alt=\"\" class=\"wp-block-jetpack-slideshow_image wp-image-7754\" data-id=\"7754\" src=\"https:\/\/gymnasiumzwoenitz.files.wordpress.com\/2021\/01\/weihnachtsfest.jpg?w=715\" \/><\/figure><\/li><li class=\"wp-block-jetpack-slideshow_slide swiper-slide\"><figure><img decoding=\"async\" alt=\"\" class=\"wp-block-jetpack-slideshow_image wp-image-7755\" data-id=\"7755\" src=\"https:\/\/gymnasiumzwoenitz.files.wordpress.com\/2021\/01\/weihnachtsfest1.jpg?w=715\" \/><\/figure><\/li><\/ul><a class=\"wp-block-jetpack-slideshow_button-prev swiper-button-prev swiper-button-white\" role=\"button\"><\/a><a class=\"wp-block-jetpack-slideshow_button-next swiper-button-next swiper-button-white\" role=\"button\"><\/a><a aria-label=\"Pause Slideshow\" class=\"wp-block-jetpack-slideshow_button-pause\" role=\"button\"><\/a><div class=\"wp-block-jetpack-slideshow_pagination swiper-pagination swiper-pagination-white\"><\/div><\/div><\/div>\n\n\n\n<figure class=\"wp-block-embed is-type-rich is-provider-youtube wp-block-embed-youtube wp-embed-aspect-16-9 wp-has-aspect-ratio\"><div class=\"wp-block-embed__wrapper\">\n<div class=\"jetpack-video-wrapper\"><iframe loading=\"lazy\" title=\"Fachschaft Sport Videopr\u00e4sentation\" width=\"900\" height=\"506\" src=\"https:\/\/www.youtube.com\/embed\/ygpfPVazCbQ?feature=oembed\" frameborder=\"0\" allow=\"accelerometer; autoplay; clipboard-write; encrypted-media; gyroscope; picture-in-picture; web-share\" allowfullscreen><\/iframe><\/div>\n<\/div><\/figure>\n\n\n\n<p>Bilder vom Schulgeb\u00e4ude, Schulhof und den Fachkabinetten finden Sie <a href=\"https:\/\/gymnasium-zwoenitz.com\/unser-gymnasium\/\">hier<\/a>.<\/p>\n","protected":false},"excerpt":{"rendered":"<p>Hier m\u00f6chten wir Ihnen und Euch einige Eindr\u00fccke unseres (normalen) Schulalltags geben. Bei uns finden viele sportliche, musikalische und andere kulturelle Aktivit\u00e4ten statt: Schulfest, Weihnachtsfest, Chorkonzerte und Chorlager, Theater, Projekttage und Tag der offenen T\u00fcr, Schnupperunterricht f\u00fcr Grundsch\u00fcler, Vorlesewettbewerb, Teilnahme an \u201eJugend debattiert\u201c und \u201eJugend forscht\u201c, Sportfest und Turniere, \u201eGenialsozial\u201c, Sch\u00fcleraustausch und vieles mehr. Bilder<a class=\"more-link\" href=\"https:\/\/gymnasium-zwoenitz.com\/index.php\/vorstellung-unserer-schule\/impressionen\/\">Continue reading <span class=\"screen-reader-text\">&#8222;Impressionen&#8220;<\/span><\/a><\/p>\n","protected":false},"author":1,"featured_media":2019,"parent":7560,"menu_order":0,"comment_status":"closed","ping_status":"closed","template":"","meta":{"footnotes":""},"tags":[],"class_list":["post-7564","page","type-page","status-publish","has-post-thumbnail","hentry"],"jetpack_sharing_enabled":false,"_links":{"self":[{"href":"https:\/\/gymnasium-zwoenitz.com\/index.php\/wp-json\/wp\/v2\/pages\/7564","targetHints":{"allow":["GET"]}}],"collection":[{"href":"https:\/\/gymnasium-zwoenitz.com\/index.php\/wp-json\/wp\/v2\/pages"}],"about":[{"href":"https:\/\/gymnasium-zwoenitz.com\/index.php\/wp-json\/wp\/v2\/types\/page"}],"author":[{"embeddable":true,"href":"https:\/\/gymnasium-zwoenitz.com\/index.php\/wp-json\/wp\/v2\/users\/1"}],"replies":[{"embeddable":true,"href":"https:\/\/gymnasium-zwoenitz.com\/index.php\/wp-json\/wp\/v2\/comments?post=7564"}],"version-history":[{"count":0,"href":"https:\/\/gymnasium-zwoenitz.com\/index.php\/wp-json\/wp\/v2\/pages\/7564\/revisions"}],"up":[{"embeddable":true,"href":"https:\/\/gymnasium-zwoenitz.com\/index.php\/wp-json\/wp\/v2\/pages\/7560"}],"wp:featuredmedia":[{"embeddable":true,"href":"https:\/\/gymnasium-zwoenitz.com\/index.php\/wp-json\/wp\/v2\/media\/2019"}],"wp:attachment":[{"href":"https:\/\/gymnasium-zwoenitz.com\/index.php\/wp-json\/wp\/v2\/media?parent=7564"}],"wp:term":[{"taxonomy":"post_tag","embeddable":true,"href":"https:\/\/gymnasium-zwoenitz.com\/index.php\/wp-json\/wp\/v2\/tags?post=7564"}],"curies":[{"name":"wp","href":"https:\/\/api.w.org\/{rel}","templated":true}]}}