{"id":7560,"date":"2021-01-24T12:33:53","date_gmt":"2021-01-24T11:33:53","guid":{"rendered":"http:\/\/gymnasium-zwoenitz.com\/?page_id=7560"},"modified":"2025-01-27T09:22:46","modified_gmt":"2025-01-27T08:22:46","slug":"vorstellung-unserer-schule","status":"publish","type":"page","link":"https:\/\/gymnasium-zwoenitz.com\/index.php\/vorstellung-unserer-schule\/","title":{"rendered":"Vorstellung unserer Schule"},"content":{"rendered":"<div class=\"wp-block-image\">\n<figure class=\"aligncenter size-large is-resized\"><img loading=\"lazy\" decoding=\"async\" width=\"1500\" height=\"1000\" src=\"https:\/\/gymnasiumzwoenitz.files.wordpress.com\/2018\/04\/dsc00457.jpg?w=715\" alt=\"\" class=\"wp-image-1293\" style=\"aspect-ratio:1;width:472px;height:auto\" srcset=\"https:\/\/gymnasium-zwoenitz.com\/wp-content\/uploads\/2018\/04\/dsc00457.jpg 1500w, https:\/\/gymnasium-zwoenitz.com\/wp-content\/uploads\/2018\/04\/dsc00457-300x200.jpg 300w, https:\/\/gymnasium-zwoenitz.com\/wp-content\/uploads\/2018\/04\/dsc00457-1024x683.jpg 1024w, https:\/\/gymnasium-zwoenitz.com\/wp-content\/uploads\/2018\/04\/dsc00457-768x512.jpg 768w, https:\/\/gymnasium-zwoenitz.com\/wp-content\/uploads\/2018\/04\/dsc00457-648x432.jpg 648w, https:\/\/gymnasium-zwoenitz.com\/wp-content\/uploads\/2018\/04\/dsc00457-288x192.jpg 288w\" sizes=\"auto, (max-width: 1500px) 100vw, 1500px\" \/><figcaption class=\"wp-element-caption\">Au\u00dfenansicht Hof<\/figcaption><\/figure>\n<\/div>\n\n\n<p class=\"has-medium-font-size\">Wir freuen uns, dass Sie den Weg zur Homepage des Matthes-Enderlein-Gymnasiums gefunden haben. Hier m\u00f6chten wir Ihnen die M\u00f6glichkeit geben, sich ein wenig umzusehen und zu informieren<\/p>\n\n\n\n<p class=\"has-medium-font-size\">An unserem Gymnasium lernen aktuell 626 Sch\u00fcler, davon 465 in den Klassenstufen 5-10 und 161 in den Jahrgangsstufen 11 und 12. Unterrichtet werden sie von 50 <a href=\"https:\/\/gymnasium-zwoenitz.com\/index.php\/unser-gymnasium\/lehrer-und-faecher\/\" data-type=\"page\" data-id=\"66\">Stammlehrern<\/a>.<\/p>\n\n\n\n<p class=\"has-medium-font-size\">Auf den folgenden Seiten (rechts) m\u00f6chten wir Ihnen einen Eindruck von unserer Schule und Informationen zu unserem Schulleben geben.<\/p>\n\n\n\n<p><\/p>\n","protected":false},"excerpt":{"rendered":"<p>Wir freuen uns, dass Sie den Weg zur Homepage des Matthes-Enderlein-Gymnasiums gefunden haben. Hier m\u00f6chten wir Ihnen die M\u00f6glichkeit geben, sich ein wenig umzusehen und zu informieren An unserem Gymnasium lernen aktuell 626 Sch\u00fcler, davon 465 in den Klassenstufen 5-10 und 161 in den Jahrgangsstufen 11 und 12. Unterrichtet werden sie von 50 Stammlehrern. Auf<a class=\"more-link\" href=\"https:\/\/gymnasium-zwoenitz.com\/index.php\/vorstellung-unserer-schule\/\">Continue reading <span class=\"screen-reader-text\">&#8222;Vorstellung unserer Schule&#8220;<\/span><\/a><\/p>\n","protected":false},"author":1,"featured_media":2021,"parent":0,"menu_order":0,"comment_status":"closed","ping_status":"closed","template":"templates\/full-width-page.php","meta":{"footnotes":""},"tags":[23],"class_list":["post-7560","page","type-page","status-publish","has-post-thumbnail","hentry","tag-featured"],"jetpack_sharing_enabled":false,"_links":{"self":[{"href":"https:\/\/gymnasium-zwoenitz.com\/index.php\/wp-json\/wp\/v2\/pages\/7560","targetHints":{"allow":["GET"]}}],"collection":[{"href":"https:\/\/gymnasium-zwoenitz.com\/index.php\/wp-json\/wp\/v2\/pages"}],"about":[{"href":"https:\/\/gymnasium-zwoenitz.com\/index.php\/wp-json\/wp\/v2\/types\/page"}],"author":[{"embeddable":true,"href":"https:\/\/gymnasium-zwoenitz.com\/index.php\/wp-json\/wp\/v2\/users\/1"}],"replies":[{"embeddable":true,"href":"https:\/\/gymnasium-zwoenitz.com\/index.php\/wp-json\/wp\/v2\/comments?post=7560"}],"version-history":[{"count":3,"href":"https:\/\/gymnasium-zwoenitz.com\/index.php\/wp-json\/wp\/v2\/pages\/7560\/revisions"}],"predecessor-version":[{"id":19837,"href":"https:\/\/gymnasium-zwoenitz.com\/index.php\/wp-json\/wp\/v2\/pages\/7560\/revisions\/19837"}],"wp:featuredmedia":[{"embeddable":true,"href":"https:\/\/gymnasium-zwoenitz.com\/index.php\/wp-json\/wp\/v2\/media\/2021"}],"wp:attachment":[{"href":"https:\/\/gymnasium-zwoenitz.com\/index.php\/wp-json\/wp\/v2\/media?parent=7560"}],"wp:term":[{"taxonomy":"post_tag","embeddable":true,"href":"https:\/\/gymnasium-zwoenitz.com\/index.php\/wp-json\/wp\/v2\/tags?post=7560"}],"curies":[{"name":"wp","href":"https:\/\/api.w.org\/{rel}","templated":true}]}}