{"id":670,"date":"2017-09-12T12:52:11","date_gmt":"2017-09-12T10:52:11","guid":{"rendered":"https:\/\/gymnasiumzwoenitz.wordpress.com\/?page_id=3"},"modified":"2025-01-17T10:12:29","modified_gmt":"2025-01-17T09:12:29","slug":"kontakt","status":"publish","type":"page","link":"https:\/\/gymnasium-zwoenitz.com\/index.php\/kontakt\/","title":{"rendered":"Kontakt"},"content":{"rendered":"\n<figure class=\"wp-block-table\"><table><tbody><tr><td>Sekretariat<\/td><td>Frau Jokisch<\/td><\/tr><tr><td>Schulleitung<\/td><td>Frau Weise<\/td><\/tr><tr><td>Stellv. Schulleitung<\/td><td>Herr Schmidt<\/td><\/tr><\/tbody><\/table><\/figure>\n\n\n\n<p>Telefon:&nbsp; 037754 2830<br>Fax:&nbsp; 037754 32892<br>E-Mail:&nbsp; <a href=\"mailto:gym.zwoe.enderlein@t-online.de\">gym.zwoe.enderlein@t-online.de<\/a><\/p>\n\n\n\n<p><strong>Postanschrift&nbsp;<\/strong><strong>&nbsp;<\/strong><\/p>\n\n\n\n<p>Matthes-Enderlein-Gymnasium<br>Matthes-Enderlein-Stra\u00dfe 2<br>08297 Zw\u00f6nitz<\/p>\n\n\n\n<h3 class=\"wp-block-heading\"><strong>Oberstufenberaterin<\/strong><\/h3>\n\n\n\n<p>Frau Maxi Ebert organisiert den Kursunterricht der Jahrgangsstufen 11 und 12 und ber\u00e4t zu Themen wie Kurswahl und Abiturpr\u00fcfung.<\/p>\n\n\n\n<p>Telefonischen Kontakt erhalten Sie \u00fcber das Sekretariat.<\/p>\n\n\n\n<h3 class=\"wp-block-heading\"><strong>Redaktion Jahrbuch<\/strong><\/h3>\n\n\n\n<p>Frau Haase und Frau Watzlaw-Fischer leisten die redaktionelle Arbeit f\u00fcr die Gestaltung unseres Jahrbuchs.<\/p>\n\n\n\n<p>E-Mail: &nbsp;&nbsp;&nbsp;&nbsp; <a href=\"mailto:jahrbuch@megz.lernsax.de\">jahrbuch@megz.lernsax.de<\/a><\/p>\n","protected":false},"excerpt":{"rendered":"<p>Sekretariat Frau Jokisch Schulleitung Frau Weise Stellv. Schulleitung Herr Schmidt Telefon:&nbsp; 037754 2830Fax:&nbsp; 037754 32892E-Mail:&nbsp; gym.zwoe.enderlein@t-online.de Postanschrift&nbsp;&nbsp; Matthes-Enderlein-GymnasiumMatthes-Enderlein-Stra\u00dfe 208297 Zw\u00f6nitz Oberstufenberaterin Frau Maxi Ebert organisiert den Kursunterricht der Jahrgangsstufen 11 und 12 und ber\u00e4t zu Themen wie Kurswahl und Abiturpr\u00fcfung. Telefonischen Kontakt erhalten Sie \u00fcber das Sekretariat. Redaktion Jahrbuch Frau Haase und Frau Watzlaw-Fischer leisten<a class=\"more-link\" href=\"https:\/\/gymnasium-zwoenitz.com\/index.php\/kontakt\/\">Continue reading <span class=\"screen-reader-text\">&#8222;Kontakt&#8220;<\/span><\/a><\/p>\n","protected":false},"author":1,"featured_media":0,"parent":0,"menu_order":2,"comment_status":"closed","ping_status":"closed","template":"","meta":{"footnotes":""},"tags":[],"class_list":["post-670","page","type-page","status-publish","hentry"],"jetpack_sharing_enabled":false,"_links":{"self":[{"href":"https:\/\/gymnasium-zwoenitz.com\/index.php\/wp-json\/wp\/v2\/pages\/670","targetHints":{"allow":["GET"]}}],"collection":[{"href":"https:\/\/gymnasium-zwoenitz.com\/index.php\/wp-json\/wp\/v2\/pages"}],"about":[{"href":"https:\/\/gymnasium-zwoenitz.com\/index.php\/wp-json\/wp\/v2\/types\/page"}],"author":[{"embeddable":true,"href":"https:\/\/gymnasium-zwoenitz.com\/index.php\/wp-json\/wp\/v2\/users\/1"}],"replies":[{"embeddable":true,"href":"https:\/\/gymnasium-zwoenitz.com\/index.php\/wp-json\/wp\/v2\/comments?post=670"}],"version-history":[{"count":1,"href":"https:\/\/gymnasium-zwoenitz.com\/index.php\/wp-json\/wp\/v2\/pages\/670\/revisions"}],"predecessor-version":[{"id":19833,"href":"https:\/\/gymnasium-zwoenitz.com\/index.php\/wp-json\/wp\/v2\/pages\/670\/revisions\/19833"}],"wp:attachment":[{"href":"https:\/\/gymnasium-zwoenitz.com\/index.php\/wp-json\/wp\/v2\/media?parent=670"}],"wp:term":[{"taxonomy":"post_tag","embeddable":true,"href":"https:\/\/gymnasium-zwoenitz.com\/index.php\/wp-json\/wp\/v2\/tags?post=670"}],"curies":[{"name":"wp","href":"https:\/\/api.w.org\/{rel}","templated":true}]}}