{"id":409,"date":"2017-09-18T11:26:13","date_gmt":"2017-09-18T09:26:13","guid":{"rendered":"http:\/\/gymnasium-zwoenitz.com\/?page_id=409"},"modified":"2026-01-13T12:43:25","modified_gmt":"2026-01-13T11:43:25","slug":"sprachliches-profil","status":"publish","type":"page","link":"https:\/\/gymnasium-zwoenitz.com\/index.php\/schulleben\/fremdsprachen-und-profile\/sprachliches-profil\/","title":{"rendered":"Erlernen einer dritten Fremdsprache"},"content":{"rendered":"<p>Im Profil 3. FS erlernen die Sch\u00fcler und Sch\u00fclerinnen an unserem Gymnasium in drei Wochenstunden Franz\u00f6sisch als dritte Fremdsprache.<\/p>\n<p>Dieses Angebot richtet sich vor allem an sprachlich bef\u00e4higte und interessierte Sch\u00fcler und Sch\u00fclerinnen.\u00a0Im sprachlichen Profil geht es laut Lehrplan um die Vermittlung folgender Ziele:<\/p>\n<ul>\n<li>Entwickeln einer differenzierten Kommunikations- und Diskursf\u00e4higkeit<\/li>\n<li>Entwickeln der F\u00e4higkeit zur Sprach- und Textreflexion<\/li>\n<li>Entwickeln einer interkulturellen Handlungsf\u00e4higkeit<\/li>\n<li>Entwicklung der F\u00e4higkeit zur Anwendung von fachbezogenen Strategien<\/li>\n<\/ul>\n<p>Die Sch\u00fcler und Sch\u00fclerinnen lernen in einer Sprachgruppe, d.h. der Klassenverband bleibt erhalten.<\/p>\n<p><strong>Bewertung:<\/strong><\/p>\n<p>Gesamtnote = Summe der Einzelnoten<br \/>\nEs werden keine Klassenarbeiten geschrieben.<br \/>\nDie Gesamtnote kann f\u00fcr die Versetzung von Bedeutung sein.<\/p>\n<h3>Auswirkungen auf Oberstufe<\/h3>\n<p>In der Oberstufe wird eine Fremdsprache verpflichtend mit 3 Wochenstunden fortgef\u00fchrt. Werden zwei Fremdsprachen weitergef\u00fchrt, belegt der Sch\u00fcler die Fremdsprache mit 3 Wochenstunden, die er sp\u00e4ter begonnen hat, die andere mit 2 Wochenstunden.<\/p>\n","protected":false},"excerpt":{"rendered":"<p>Im Profil 3. FS erlernen die Sch\u00fcler und Sch\u00fclerinnen an unserem Gymnasium in drei Wochenstunden Franz\u00f6sisch als dritte Fremdsprache. Dieses Angebot richtet sich vor allem an sprachlich bef\u00e4higte und interessierte Sch\u00fcler und Sch\u00fclerinnen.\u00a0Im sprachlichen Profil geht es laut Lehrplan um die Vermittlung folgender Ziele: Entwickeln einer differenzierten Kommunikations- und Diskursf\u00e4higkeit Entwickeln der F\u00e4higkeit zur Sprach-<a class=\"more-link\" href=\"https:\/\/gymnasium-zwoenitz.com\/index.php\/schulleben\/fremdsprachen-und-profile\/sprachliches-profil\/\">Continue reading <span class=\"screen-reader-text\">&#8222;Erlernen einer dritten Fremdsprache&#8220;<\/span><\/a><\/p>\n","protected":false},"author":1,"featured_media":0,"parent":398,"menu_order":0,"comment_status":"closed","ping_status":"closed","template":"","meta":{"footnotes":""},"tags":[],"class_list":["post-409","page","type-page","status-publish","hentry"],"jetpack_sharing_enabled":false,"_links":{"self":[{"href":"https:\/\/gymnasium-zwoenitz.com\/index.php\/wp-json\/wp\/v2\/pages\/409","targetHints":{"allow":["GET"]}}],"collection":[{"href":"https:\/\/gymnasium-zwoenitz.com\/index.php\/wp-json\/wp\/v2\/pages"}],"about":[{"href":"https:\/\/gymnasium-zwoenitz.com\/index.php\/wp-json\/wp\/v2\/types\/page"}],"author":[{"embeddable":true,"href":"https:\/\/gymnasium-zwoenitz.com\/index.php\/wp-json\/wp\/v2\/users\/1"}],"replies":[{"embeddable":true,"href":"https:\/\/gymnasium-zwoenitz.com\/index.php\/wp-json\/wp\/v2\/comments?post=409"}],"version-history":[{"count":1,"href":"https:\/\/gymnasium-zwoenitz.com\/index.php\/wp-json\/wp\/v2\/pages\/409\/revisions"}],"predecessor-version":[{"id":19994,"href":"https:\/\/gymnasium-zwoenitz.com\/index.php\/wp-json\/wp\/v2\/pages\/409\/revisions\/19994"}],"up":[{"embeddable":true,"href":"https:\/\/gymnasium-zwoenitz.com\/index.php\/wp-json\/wp\/v2\/pages\/398"}],"wp:attachment":[{"href":"https:\/\/gymnasium-zwoenitz.com\/index.php\/wp-json\/wp\/v2\/media?parent=409"}],"wp:term":[{"taxonomy":"post_tag","embeddable":true,"href":"https:\/\/gymnasium-zwoenitz.com\/index.php\/wp-json\/wp\/v2\/tags?post=409"}],"curies":[{"name":"wp","href":"https:\/\/api.w.org\/{rel}","templated":true}]}}