{"id":405,"date":"2017-09-18T11:23:49","date_gmt":"2017-09-18T09:23:49","guid":{"rendered":"http:\/\/gymnasium-zwoenitz.com\/?page_id=405"},"modified":"2017-09-18T11:23:49","modified_gmt":"2017-09-18T09:23:49","slug":"russisch","status":"publish","type":"page","link":"https:\/\/gymnasium-zwoenitz.com\/index.php\/schulleben\/fremdsprachen-und-profile\/russisch\/","title":{"rendered":"Russisch"},"content":{"rendered":"\n<h3 class=\"wp-block-heading\"><span style=\"color: #800000\">\u201e\u0414\u0430\u0432\u0430\u0439\u0442\u0435 \u0433\u043e\u0432\u043e\u0440\u0438\u0442\u044c \u043f\u043e-\u0440\u0443\u0441\u0441\u043a\u0438!\u201c \u2013 \u201eLasst uns Russisch sprechen!\u201c<\/span><\/h3>\n\n\n\n<p>Menschen lernen Sprachen aus den unterschiedlichsten Gr\u00fcnden. Dazu z\u00e4hlen beispielsweise Reisen, die Berufswahl, pers\u00f6nliche Interessen und noch viele weitere mehr. Bedenkt man, dass es weltweit fast 7000 verschiedene Sprachen gibt, f\u00e4llt die Wahl zwischen Russisch und einer anderen&nbsp;Fremdsprache nicht gerade einfach.<\/p>\n\n\n\n<h4 class=\"wp-block-heading\"><span style=\"color: #333333\">\u041f\u043e\u0447\u0435\u043c\u0443 \u0440\u0443\u0441\u0441\u043a\u0438\u0439 \u044f\u0437\u044b\u043a? \u2013 Warum Russisch?<\/span><\/h4>\n\n\n\n<p>Russisch ist eine der am h\u00e4ufigsten gesprochenen Sprachen der Welt. Neben Russland wird die Sprache auch in Belarus, der Ukraine, Kasachstan, Lettland, Estland und weiteren L\u00e4ndern gesprochen. Auch hier in Deutschland sprechen ungef\u00e4hr sechs Millionen Menschen die russische Sprache. Wer also Russisch lernt, kann mit sehr vielen Menschen in Kontakt treten und sich austauschen.<\/p>\n\n\n\n<p>Ebenso auf Reisen ist die Sprache von gro\u00dfem Nutzen. Russland ist fl\u00e4chenm\u00e4\u00dfig das gr\u00f6\u00dfte Land der Welt und gar nicht so weit entfernt, wie manch einer denkt. So erreicht man die Hauptstadt Moskau ab Berlin in nur zweieinhalb Flugstunden. Im Hinblick auf das Land und die Kultur h\u00e4lt Russland viel Interessantes bereit, wie beispielsweise den Baikalsee, den Kaukasus, die Transsibirische Eisenbahn, den Kreml sowie die Eremitage. Zudem sprechen die Menschen in Russland wenig Englisch. Bereits mit Anf\u00e4ngerkenntnissen kann man das Land gut erkunden und mit den Menschen in Kontakt treten.<\/p>\n\n\n\n<p>Russisch zu lernen ist eine Herausforderung \u2013 schlie\u00dflich muss ein neues Alphabet erlernt werden. Jedoch sollte man sich vom kyrillischen Schriftsystem nicht abschrecken lassen, denn wer es einmal beherrscht, dem stehen viele neue Wege offen.<\/p>\n\n\n\n<p><a href=\"https:\/\/de.calameo.com\/read\/0072757957c8cdd765635?authid=7rTYWMtHwv97\" target=\"_blank\" rel=\"noreferrer noopener\">Brosch\u00fcre &#8211; Russisch lernen am MEGZ<\/a><\/p>\n","protected":false},"excerpt":{"rendered":"<p>\u201e\u0414\u0430\u0432\u0430\u0439\u0442\u0435 \u0433\u043e\u0432\u043e\u0440\u0438\u0442\u044c \u043f\u043e-\u0440\u0443\u0441\u0441\u043a\u0438!\u201c \u2013 \u201eLasst uns Russisch sprechen!\u201c Menschen lernen Sprachen aus den unterschiedlichsten Gr\u00fcnden. Dazu z\u00e4hlen beispielsweise Reisen, die Berufswahl, pers\u00f6nliche Interessen und noch viele weitere mehr. Bedenkt man, dass es weltweit fast 7000 verschiedene Sprachen gibt, f\u00e4llt die Wahl zwischen Russisch und einer anderen&nbsp;Fremdsprache nicht gerade einfach. \u041f\u043e\u0447\u0435\u043c\u0443 \u0440\u0443\u0441\u0441\u043a\u0438\u0439 \u044f\u0437\u044b\u043a? \u2013 Warum Russisch?<a class=\"more-link\" href=\"https:\/\/gymnasium-zwoenitz.com\/index.php\/schulleben\/fremdsprachen-und-profile\/russisch\/\">Continue reading <span class=\"screen-reader-text\">&#8222;Russisch&#8220;<\/span><\/a><\/p>\n","protected":false},"author":1,"featured_media":0,"parent":398,"menu_order":0,"comment_status":"closed","ping_status":"closed","template":"","meta":{"footnotes":""},"tags":[],"class_list":["post-405","page","type-page","status-publish","hentry"],"jetpack_sharing_enabled":false,"_links":{"self":[{"href":"https:\/\/gymnasium-zwoenitz.com\/index.php\/wp-json\/wp\/v2\/pages\/405","targetHints":{"allow":["GET"]}}],"collection":[{"href":"https:\/\/gymnasium-zwoenitz.com\/index.php\/wp-json\/wp\/v2\/pages"}],"about":[{"href":"https:\/\/gymnasium-zwoenitz.com\/index.php\/wp-json\/wp\/v2\/types\/page"}],"author":[{"embeddable":true,"href":"https:\/\/gymnasium-zwoenitz.com\/index.php\/wp-json\/wp\/v2\/users\/1"}],"replies":[{"embeddable":true,"href":"https:\/\/gymnasium-zwoenitz.com\/index.php\/wp-json\/wp\/v2\/comments?post=405"}],"version-history":[{"count":0,"href":"https:\/\/gymnasium-zwoenitz.com\/index.php\/wp-json\/wp\/v2\/pages\/405\/revisions"}],"up":[{"embeddable":true,"href":"https:\/\/gymnasium-zwoenitz.com\/index.php\/wp-json\/wp\/v2\/pages\/398"}],"wp:attachment":[{"href":"https:\/\/gymnasium-zwoenitz.com\/index.php\/wp-json\/wp\/v2\/media?parent=405"}],"wp:term":[{"taxonomy":"post_tag","embeddable":true,"href":"https:\/\/gymnasium-zwoenitz.com\/index.php\/wp-json\/wp\/v2\/tags?post=405"}],"curies":[{"name":"wp","href":"https:\/\/api.w.org\/{rel}","templated":true}]}}