{"id":403,"date":"2017-09-18T11:22:40","date_gmt":"2017-09-18T09:22:40","guid":{"rendered":"http:\/\/gymnasium-zwoenitz.com\/?page_id=403"},"modified":"2017-09-18T11:22:40","modified_gmt":"2017-09-18T09:22:40","slug":"latein","status":"publish","type":"page","link":"https:\/\/gymnasium-zwoenitz.com\/index.php\/schulleben\/fremdsprachen-und-profile\/latein\/","title":{"rendered":"Latein"},"content":{"rendered":"\n<h3 class=\"wp-block-heading\"><span style=\"color:#800000\">&#8212; Eine Sprache f\u00fcr Geschichtsfans und Knobelfreunde &#8212;<\/span><\/h3>\n\n\n\n<div class=\"wp-block-jetpack-tiled-gallery aligncenter is-style-rectangular\"><div class=\"tiled-gallery__gallery\"><div class=\"tiled-gallery__row\"><div class=\"tiled-gallery__col\" style=\"flex-basis:35.11105%\"><figure class=\"tiled-gallery__item\"><a href=\"https:\/\/gymnasiumzwoenitz.files.wordpress.com\/2018\/07\/p1090269_komp-e1532776060811.jpg?w=715\"><img decoding=\"async\" srcset=\"https:\/\/gymnasiumzwoenitz.files.wordpress.com\/2018\/07\/p1090269_komp-e1532776060811.jpg?strip=info&#038;w=600 600w,https:\/\/gymnasiumzwoenitz.files.wordpress.com\/2018\/07\/p1090269_komp-e1532776060811.jpg?strip=info&#038;w=899 899w\" alt=\"\" data-height=\"484\" data-id=\"1367\" data-link=\"https:\/\/gymnasium-zwoenitz.com\/schulleben\/fremdsprachen-und-profile\/latein\/p1090269_komp\/\" data-url=\"https:\/\/gymnasiumzwoenitz.files.wordpress.com\/2018\/07\/p1090269_komp-e1532776060811.jpg?w=715\" data-width=\"899\" src=\"https:\/\/gymnasiumzwoenitz.files.wordpress.com\/2018\/07\/p1090269_komp-e1532776060811.jpg\" \/><\/a><\/figure><figure class=\"tiled-gallery__item\"><a href=\"https:\/\/gymnasiumzwoenitz.files.wordpress.com\/2018\/07\/20170915_105239_komp-e1532776046149.jpg?w=715\"><img decoding=\"async\" srcset=\"https:\/\/gymnasiumzwoenitz.files.wordpress.com\/2018\/07\/20170915_105239_komp-e1532776046149.jpg?strip=info&#038;w=600 600w,https:\/\/gymnasiumzwoenitz.files.wordpress.com\/2018\/07\/20170915_105239_komp-e1532776046149.jpg?strip=info&#038;w=718 718w\" alt=\"\" data-height=\"539\" data-id=\"1366\" data-link=\"https:\/\/gymnasium-zwoenitz.com\/schulleben\/fremdsprachen-und-profile\/latein\/20170915_105239_komp\/\" data-url=\"https:\/\/gymnasiumzwoenitz.files.wordpress.com\/2018\/07\/20170915_105239_komp-e1532776046149.jpg?w=715\" data-width=\"718\" src=\"https:\/\/gymnasiumzwoenitz.files.wordpress.com\/2018\/07\/20170915_105239_komp-e1532776046149.jpg\" \/><\/a><\/figure><\/div><div class=\"tiled-gallery__col\" style=\"flex-basis:64.88895%\"><figure class=\"tiled-gallery__item\"><a href=\"https:\/\/gymnasiumzwoenitz.files.wordpress.com\/2023\/01\/20230125_130636.jpg?w=1024\"><img decoding=\"async\" srcset=\"https:\/\/gymnasiumzwoenitz.files.wordpress.com\/2023\/01\/20230125_130636.jpg?strip=info&#038;w=600 600w,https:\/\/gymnasiumzwoenitz.files.wordpress.com\/2023\/01\/20230125_130636.jpg?strip=info&#038;w=900 900w,https:\/\/gymnasiumzwoenitz.files.wordpress.com\/2023\/01\/20230125_130636.jpg?strip=info&#038;w=1200 1200w,https:\/\/gymnasiumzwoenitz.files.wordpress.com\/2023\/01\/20230125_130636.jpg?strip=info&#038;w=1500 1500w,https:\/\/gymnasiumzwoenitz.files.wordpress.com\/2023\/01\/20230125_130636.jpg?strip=info&#038;w=1800 1800w,https:\/\/gymnasiumzwoenitz.files.wordpress.com\/2023\/01\/20230125_130636.jpg?strip=info&#038;w=2000 2000w\" alt=\"\" data-height=\"2637\" data-id=\"18769\" data-link=\"https:\/\/gymnasium-zwoenitz.com\/schulleben\/fremdsprachen-und-profile\/latein\/20230125_130636\/\" data-url=\"https:\/\/gymnasiumzwoenitz.files.wordpress.com\/2023\/01\/20230125_130636.jpg?w=1024\" data-width=\"3764\" src=\"https:\/\/gymnasiumzwoenitz.files.wordpress.com\/2023\/01\/20230125_130636.jpg\" \/><\/a><\/figure><\/div><\/div><div class=\"tiled-gallery__row\"><div class=\"tiled-gallery__col\" style=\"flex-basis:52.64296%\"><figure class=\"tiled-gallery__item\"><a href=\"https:\/\/gymnasiumzwoenitz.files.wordpress.com\/2018\/07\/20170915_105206_komp-e1532776033351.jpg?w=614\"><img decoding=\"async\" srcset=\"https:\/\/gymnasiumzwoenitz.files.wordpress.com\/2018\/07\/20170915_105206_komp-e1532776033351.jpg?strip=info&#038;w=600 600w,https:\/\/gymnasiumzwoenitz.files.wordpress.com\/2018\/07\/20170915_105206_komp-e1532776033351.jpg?strip=info&#038;w=614 614w\" alt=\"\" data-height=\"533\" data-id=\"1365\" data-link=\"https:\/\/gymnasium-zwoenitz.com\/schulleben\/fremdsprachen-und-profile\/latein\/20170915_105206_komp\/\" data-url=\"https:\/\/gymnasiumzwoenitz.files.wordpress.com\/2018\/07\/20170915_105206_komp-e1532776033351.jpg?w=614\" data-width=\"614\" src=\"https:\/\/gymnasiumzwoenitz.files.wordpress.com\/2018\/07\/20170915_105206_komp-e1532776033351.jpg\" \/><\/a><\/figure><\/div><div class=\"tiled-gallery__col\" style=\"flex-basis:47.35704%\"><figure class=\"tiled-gallery__item\"><a href=\"https:\/\/gymnasiumzwoenitz.files.wordpress.com\/2018\/07\/20170915_105159_komp-e1532776021840.jpg?w=402\"><img decoding=\"async\" srcset=\"https:\/\/gymnasiumzwoenitz.files.wordpress.com\/2018\/07\/20170915_105159_komp-e1532776021840.jpg?strip=info&#038;w=402 402w\" alt=\"\" data-height=\"388\" data-id=\"1364\" data-link=\"https:\/\/gymnasium-zwoenitz.com\/schulleben\/fremdsprachen-und-profile\/latein\/20170915_105159_komp\/\" data-url=\"https:\/\/gymnasiumzwoenitz.files.wordpress.com\/2018\/07\/20170915_105159_komp-e1532776021840.jpg?w=402\" data-width=\"402\" src=\"https:\/\/gymnasiumzwoenitz.files.wordpress.com\/2018\/07\/20170915_105159_komp-e1532776021840.jpg\" \/><\/a><\/figure><\/div><\/div><\/div><\/div>\n\n\n\n<p>Latein \u2013 das ist die Sprache der alten R\u00f6mer, aber auch jeder Menge anderer kluger K\u00f6pfe aus der Geschichte. Wer sich mit dem Lateinischen besch\u00e4ftigen will, der begibt sich in eine Welt, die ganz anders als unsere ist \u2013 und doch manchmal erstaunlich \u00e4hnlich. Wie sah der Alltag im alten Rom aus? Welche Kleidung trugen die R\u00f6mer? Was a\u00dfen sie? Diese und viele weitere Fragen zum Leben und zur Geschichte der r\u00f6mischen Antike werden beantwortet.<\/p>\n\n\n\n<p>Als Unterrichtsfach unterscheidet sich Latein von den modernen Fremdsprachen (Franz\u00f6sisch, Russisch): Da das Lateinische \u2013 von einigen Ausnahmen abgesehen \u2013 kaum mehr gesprochen wird, besch\u00e4ftigt man sich im Unterricht haupts\u00e4chlich mit lateinischen Texten, die ins Deutsche \u00fcbertragen, also \u00fcbersetzt werden sollen. Beim \u00dcbersetzen braucht es Geduld und Genauigkeit, ganz nebenbei werden dazu deutsche Grammatik und Ausdrucksverm\u00f6gen geschult.<\/p>\n\n\n\n<p>Wie bei anderen Fremdsprachen auch, m\u00fcssen Vokabeln und Grammatik im Unterricht und zu Hause immer wieder wiederholt werden. Dabei werden Br\u00fccken zu deutschen Fremdw\u00f6rtern oder W\u00f6rtern anderer Sprachen wie Franz\u00f6sisch oder Spanisch geschlagen. Deshalb kann man sich mit Latein die Bedeutung vieler Fachbegriffe und Fremdw\u00f6rter selbst herleiten.<\/p>\n\n\n\n<p>Interesse? \u2013 Dann gibt es nur noch eins zu sagen: Salve! Sei gegr\u00fc\u00dft\/Hallo!<\/p>\n\n\n\n<p><\/p>\n\n\n\n<p><a href=\"https:\/\/www.klett.de\/inhalt\/sixcms\/media.php\/145\/gute_gruende_latein.pdf\" target=\"_blank\" rel=\"noreferrer noopener\">Brosch\u00fcre: Gute Gr\u00fcnde f\u00fcr Latein <\/a> &#8211; <a rel=\"noreferrer noopener\" href=\"https:\/\/de.calameo.com\/read\/00726932390d62f10c64e?page=1\" target=\"_blank\"> Brosch\u00fcre: Latein lernen am MEGZ<\/a><\/p>\n","protected":false},"excerpt":{"rendered":"<p>&#8212; Eine Sprache f\u00fcr Geschichtsfans und Knobelfreunde &#8212; Latein \u2013 das ist die Sprache der alten R\u00f6mer, aber auch jeder Menge anderer kluger K\u00f6pfe aus der Geschichte. Wer sich mit dem Lateinischen besch\u00e4ftigen will, der begibt sich in eine Welt, die ganz anders als unsere ist \u2013 und doch manchmal erstaunlich \u00e4hnlich. Wie sah der<a class=\"more-link\" href=\"https:\/\/gymnasium-zwoenitz.com\/index.php\/schulleben\/fremdsprachen-und-profile\/latein\/\">Continue reading <span class=\"screen-reader-text\">&#8222;Latein&#8220;<\/span><\/a><\/p>\n","protected":false},"author":1,"featured_media":0,"parent":398,"menu_order":0,"comment_status":"closed","ping_status":"closed","template":"","meta":{"footnotes":""},"tags":[],"class_list":["post-403","page","type-page","status-publish","hentry"],"jetpack_sharing_enabled":false,"_links":{"self":[{"href":"https:\/\/gymnasium-zwoenitz.com\/index.php\/wp-json\/wp\/v2\/pages\/403","targetHints":{"allow":["GET"]}}],"collection":[{"href":"https:\/\/gymnasium-zwoenitz.com\/index.php\/wp-json\/wp\/v2\/pages"}],"about":[{"href":"https:\/\/gymnasium-zwoenitz.com\/index.php\/wp-json\/wp\/v2\/types\/page"}],"author":[{"embeddable":true,"href":"https:\/\/gymnasium-zwoenitz.com\/index.php\/wp-json\/wp\/v2\/users\/1"}],"replies":[{"embeddable":true,"href":"https:\/\/gymnasium-zwoenitz.com\/index.php\/wp-json\/wp\/v2\/comments?post=403"}],"version-history":[{"count":0,"href":"https:\/\/gymnasium-zwoenitz.com\/index.php\/wp-json\/wp\/v2\/pages\/403\/revisions"}],"up":[{"embeddable":true,"href":"https:\/\/gymnasium-zwoenitz.com\/index.php\/wp-json\/wp\/v2\/pages\/398"}],"wp:attachment":[{"href":"https:\/\/gymnasium-zwoenitz.com\/index.php\/wp-json\/wp\/v2\/media?parent=403"}],"wp:term":[{"taxonomy":"post_tag","embeddable":true,"href":"https:\/\/gymnasium-zwoenitz.com\/index.php\/wp-json\/wp\/v2\/tags?post=403"}],"curies":[{"name":"wp","href":"https:\/\/api.w.org\/{rel}","templated":true}]}}