{"id":398,"date":"2017-09-18T11:20:44","date_gmt":"2017-09-18T09:20:44","guid":{"rendered":"http:\/\/gymnasium-zwoenitz.com\/?page_id=398"},"modified":"2026-03-12T11:38:28","modified_gmt":"2026-03-12T10:38:28","slug":"fremdsprachen-und-profile","status":"publish","type":"page","link":"https:\/\/gymnasium-zwoenitz.com\/index.php\/schulleben\/fremdsprachen-und-profile\/","title":{"rendered":"Fremdsprachen und Profile"},"content":{"rendered":"\n<h3 class=\"wp-block-heading\" id=\"wahl-der-fremdsprachen-und-profile\"><strong>Wahl der Fremdsprachen und Profile<br><\/strong><\/h3>\n\n\n\n<p>In der 5. Klasse kn\u00fcpft Englisch als erste Fremdsprache an den Englischunterricht der Grundschule an.<\/p>\n\n\n\n<p>Ende der 5. Klasse findet die Einwahl f\u00fcr die 2. Fremdsprache statt, welche ab der 6. Klasse unterrichtet wird. Als zweite Fremdsprache bietet unsere Schule Latein, Franz\u00f6sisch und Russisch an. Hier finden Sie das Formular zur Fremdspracheneinwahl:<\/p>\n\n\n\n<div class=\"wp-block-file\"><a id=\"wp-block-file--media-468a5096-e67f-4f31-b5dc-3cbdb398753c\" href=\"https:\/\/gymnasium-zwoenitz.com\/wp-content\/uploads\/2026\/01\/Elternzettel-Einwahl-2.-FS-SJ-26-27.pdf\">Elternzettel Einwahl 2. FS SJ 26-27<\/a><\/div>\n\n\n\n<p>In Klasse 7 w\u00e4hlen die Sch\u00fcler das ab Klasse 8 besuchte Profil. Sie k\u00f6nnen sich hierbei entscheiden zwischen dem naturwissenschaftlichen und dem sportlichen Profil und dem Erlernen einer 3. Fremdsprache (Franz\u00f6sisch).<\/p>\n\n\n\n<p>Sch\u00fcler, welche sp\u00e4ter die dritte Fremdsprache besuchen wollen, k\u00f6nnen nur Latein oder Russisch als zweite Fremdsprache belegen, weil Franz\u00f6sisch als dritte Fremdsprache gelernt wird.<\/p>\n\n\n\n<p>Brosch\u00fcren zu den 2. Fremdsprachen: <br><a rel=\"noreferrer noopener\" href=\"https:\/\/de.calameo.com\/read\/00726932390d62f10c64e?page=1\" target=\"_blank\">Latein<\/a> &#8211; <a rel=\"noreferrer noopener\" href=\"https:\/\/de.calameo.com\/read\/0072757957c8cdd765635?authid=7rTYWMtHwv97\" target=\"_blank\">Russisch<\/a> &#8211; <a href=\"https:\/\/www.calameo.com\/read\/0072789872eabbc64f148\" target=\"_blank\" rel=\"noreferrer noopener\">Franz\u00f6sisch<\/a><\/p>\n","protected":false},"excerpt":{"rendered":"<p>Wahl der Fremdsprachen und Profile In der 5. Klasse kn\u00fcpft Englisch als erste Fremdsprache an den Englischunterricht der Grundschule an. Ende der 5. Klasse findet die Einwahl f\u00fcr die 2. Fremdsprache statt, welche ab der 6. Klasse unterrichtet wird. Als zweite Fremdsprache bietet unsere Schule Latein, Franz\u00f6sisch und Russisch an. Hier finden Sie das Formular<a class=\"more-link\" href=\"https:\/\/gymnasium-zwoenitz.com\/index.php\/schulleben\/fremdsprachen-und-profile\/\">Continue reading <span class=\"screen-reader-text\">&#8222;Fremdsprachen und Profile&#8220;<\/span><\/a><\/p>\n","protected":false},"author":1,"featured_media":1986,"parent":20,"menu_order":0,"comment_status":"closed","ping_status":"closed","template":"","meta":{"footnotes":""},"tags":[],"class_list":["post-398","page","type-page","status-publish","has-post-thumbnail","hentry"],"jetpack_sharing_enabled":false,"_links":{"self":[{"href":"https:\/\/gymnasium-zwoenitz.com\/index.php\/wp-json\/wp\/v2\/pages\/398","targetHints":{"allow":["GET"]}}],"collection":[{"href":"https:\/\/gymnasium-zwoenitz.com\/index.php\/wp-json\/wp\/v2\/pages"}],"about":[{"href":"https:\/\/gymnasium-zwoenitz.com\/index.php\/wp-json\/wp\/v2\/types\/page"}],"author":[{"embeddable":true,"href":"https:\/\/gymnasium-zwoenitz.com\/index.php\/wp-json\/wp\/v2\/users\/1"}],"replies":[{"embeddable":true,"href":"https:\/\/gymnasium-zwoenitz.com\/index.php\/wp-json\/wp\/v2\/comments?post=398"}],"version-history":[{"count":6,"href":"https:\/\/gymnasium-zwoenitz.com\/index.php\/wp-json\/wp\/v2\/pages\/398\/revisions"}],"predecessor-version":[{"id":20043,"href":"https:\/\/gymnasium-zwoenitz.com\/index.php\/wp-json\/wp\/v2\/pages\/398\/revisions\/20043"}],"up":[{"embeddable":true,"href":"https:\/\/gymnasium-zwoenitz.com\/index.php\/wp-json\/wp\/v2\/pages\/20"}],"wp:featuredmedia":[{"embeddable":true,"href":"https:\/\/gymnasium-zwoenitz.com\/index.php\/wp-json\/wp\/v2\/media\/1986"}],"wp:attachment":[{"href":"https:\/\/gymnasium-zwoenitz.com\/index.php\/wp-json\/wp\/v2\/media?parent=398"}],"wp:term":[{"taxonomy":"post_tag","embeddable":true,"href":"https:\/\/gymnasium-zwoenitz.com\/index.php\/wp-json\/wp\/v2\/tags?post=398"}],"curies":[{"name":"wp","href":"https:\/\/api.w.org\/{rel}","templated":true}]}}