{"id":35,"date":"2017-09-13T15:44:14","date_gmt":"2017-09-13T13:44:14","guid":{"rendered":"http:\/\/gymnasium-zwoenitz.com\/?page_id=35"},"modified":"2023-09-13T19:43:16","modified_gmt":"2023-09-13T17:43:16","slug":"leitsaetze","status":"publish","type":"page","link":"https:\/\/gymnasium-zwoenitz.com\/index.php\/unser-gymnasium\/leitsaetze\/","title":{"rendered":"Leits\u00e4tze"},"content":{"rendered":"\n<p>Unsere Schule ist von folgenden Leitgedanken getragen:<\/p>\n\n\n\n<ul class=\"wp-block-list\">\n<li>Wir definieren schulische Bildung und Erziehung vordergr\u00fcndig durch Wissenserwerb, Kompetenzentwicklung und Werteorientierung.<\/li>\n\n\n\n<li>Neben bew\u00e4hrten Unterrichtsmethoden erm\u00f6glichen wir ein Lernen in f\u00e4cher\u00fcbergreifenden Strukturen mit dem Ziel vernetzten Denkens.<\/li>\n\n\n\n<li>Wir bef\u00e4higen unsere Sch\u00fcler zur selbstst\u00e4ndigen Arbeit und entwickeln soziale F\u00e4higkeiten wie Teamf\u00e4higkeit, Kommunikationsf\u00e4higkeit und die F\u00e4higkeit zur Integration.<\/li>\n\n\n\n<li>Gegenseitige Achtung, Vertrauen und Toleranz sind uns wichtig.<\/li>\n\n\n\n<li>Durch die Begegnungen mit unseren Partnerschulen erwerben unsere Sch\u00fcler auch interkulturelle Kompetenz.<\/li>\n\n\n\n<li>Wir legen Wert auf eine partnerschaftliche Zusammenarbeit mit allen am Schulleben Beteiligten.<\/li>\n<\/ul>\n","protected":false},"excerpt":{"rendered":"<p>Unsere Schule ist von folgenden Leitgedanken getragen:<\/p>\n","protected":false},"author":1,"featured_media":0,"parent":16,"menu_order":0,"comment_status":"closed","ping_status":"closed","template":"","meta":{"footnotes":""},"tags":[],"class_list":["post-35","page","type-page","status-publish","hentry"],"jetpack_sharing_enabled":false,"_links":{"self":[{"href":"https:\/\/gymnasium-zwoenitz.com\/index.php\/wp-json\/wp\/v2\/pages\/35","targetHints":{"allow":["GET"]}}],"collection":[{"href":"https:\/\/gymnasium-zwoenitz.com\/index.php\/wp-json\/wp\/v2\/pages"}],"about":[{"href":"https:\/\/gymnasium-zwoenitz.com\/index.php\/wp-json\/wp\/v2\/types\/page"}],"author":[{"embeddable":true,"href":"https:\/\/gymnasium-zwoenitz.com\/index.php\/wp-json\/wp\/v2\/users\/1"}],"replies":[{"embeddable":true,"href":"https:\/\/gymnasium-zwoenitz.com\/index.php\/wp-json\/wp\/v2\/comments?post=35"}],"version-history":[{"count":2,"href":"https:\/\/gymnasium-zwoenitz.com\/index.php\/wp-json\/wp\/v2\/pages\/35\/revisions"}],"predecessor-version":[{"id":19543,"href":"https:\/\/gymnasium-zwoenitz.com\/index.php\/wp-json\/wp\/v2\/pages\/35\/revisions\/19543"}],"up":[{"embeddable":true,"href":"https:\/\/gymnasium-zwoenitz.com\/index.php\/wp-json\/wp\/v2\/pages\/16"}],"wp:attachment":[{"href":"https:\/\/gymnasium-zwoenitz.com\/index.php\/wp-json\/wp\/v2\/media?parent=35"}],"wp:term":[{"taxonomy":"post_tag","embeddable":true,"href":"https:\/\/gymnasium-zwoenitz.com\/index.php\/wp-json\/wp\/v2\/tags?post=35"}],"curies":[{"name":"wp","href":"https:\/\/api.w.org\/{rel}","templated":true}]}}