{"id":2176,"date":"2019-08-26T21:40:35","date_gmt":"2019-08-26T19:40:35","guid":{"rendered":"https:\/\/gymnasiumzwoenitz.wordpress.com\/?page_id=2176"},"modified":"2025-04-10T12:16:07","modified_gmt":"2025-04-10T10:16:07","slug":"schulfest","status":"publish","type":"page","link":"https:\/\/gymnasium-zwoenitz.com\/index.php\/schulleben\/schulveranstaltungen\/schulfest\/","title":{"rendered":"Schulfest"},"content":{"rendered":"\n<p>Das Schulfest tr\u00e4gt jeden Sommer zu einem sch\u00f6nen Abschluss des Schuljahres bei und wird vom Sch\u00fclerrat organisiert.<\/p>\n\n\n\n<p>Hier ein paar Impressionen vom Schulfest 2024:<\/p>\n\n\n\n<div class=\"wp-block-jetpack-slideshow aligncenter\" data-effect=\"slide\"><div class=\"wp-block-jetpack-slideshow_container swiper-container\"><ul class=\"wp-block-jetpack-slideshow_swiper-wrapper swiper-wrapper\"><li class=\"wp-block-jetpack-slideshow_slide swiper-slide\"><figure><img loading=\"lazy\" decoding=\"async\" width=\"1024\" height=\"768\" alt=\"\" class=\"wp-block-jetpack-slideshow_image wp-image-19888\" data-id=\"19888\" src=\"https:\/\/gymnasium-zwoenitz.com\/wp-content\/uploads\/2025\/04\/K1024_IMG_3456.jpg\" srcset=\"https:\/\/gymnasium-zwoenitz.com\/wp-content\/uploads\/2025\/04\/K1024_IMG_3456.jpg 1024w, https:\/\/gymnasium-zwoenitz.com\/wp-content\/uploads\/2025\/04\/K1024_IMG_3456-300x225.jpg 300w, https:\/\/gymnasium-zwoenitz.com\/wp-content\/uploads\/2025\/04\/K1024_IMG_3456-768x576.jpg 768w\" sizes=\"(max-width: 1024px) 100vw, 1024px\" \/><\/figure><\/li><li class=\"wp-block-jetpack-slideshow_slide swiper-slide\"><figure><img loading=\"lazy\" decoding=\"async\" width=\"1024\" height=\"768\" alt=\"\" class=\"wp-block-jetpack-slideshow_image wp-image-19889\" data-id=\"19889\" src=\"https:\/\/gymnasium-zwoenitz.com\/wp-content\/uploads\/2025\/04\/K1024_IMG_3465.jpg\" srcset=\"https:\/\/gymnasium-zwoenitz.com\/wp-content\/uploads\/2025\/04\/K1024_IMG_3465.jpg 1024w, https:\/\/gymnasium-zwoenitz.com\/wp-content\/uploads\/2025\/04\/K1024_IMG_3465-300x225.jpg 300w, https:\/\/gymnasium-zwoenitz.com\/wp-content\/uploads\/2025\/04\/K1024_IMG_3465-768x576.jpg 768w\" sizes=\"(max-width: 1024px) 100vw, 1024px\" \/><\/figure><\/li><li class=\"wp-block-jetpack-slideshow_slide swiper-slide\"><figure><img loading=\"lazy\" decoding=\"async\" width=\"1024\" height=\"768\" alt=\"\" class=\"wp-block-jetpack-slideshow_image wp-image-19891\" data-id=\"19891\" src=\"https:\/\/gymnasium-zwoenitz.com\/wp-content\/uploads\/2025\/04\/K1024_IMG_3537.jpg\" srcset=\"https:\/\/gymnasium-zwoenitz.com\/wp-content\/uploads\/2025\/04\/K1024_IMG_3537.jpg 1024w, https:\/\/gymnasium-zwoenitz.com\/wp-content\/uploads\/2025\/04\/K1024_IMG_3537-300x225.jpg 300w, https:\/\/gymnasium-zwoenitz.com\/wp-content\/uploads\/2025\/04\/K1024_IMG_3537-768x576.jpg 768w\" sizes=\"(max-width: 1024px) 100vw, 1024px\" \/><\/figure><\/li><li class=\"wp-block-jetpack-slideshow_slide swiper-slide\"><figure><img loading=\"lazy\" decoding=\"async\" width=\"1024\" height=\"768\" alt=\"\" class=\"wp-block-jetpack-slideshow_image wp-image-19890\" data-id=\"19890\" src=\"https:\/\/gymnasium-zwoenitz.com\/wp-content\/uploads\/2025\/04\/K1024_IMG_3556.jpg\" srcset=\"https:\/\/gymnasium-zwoenitz.com\/wp-content\/uploads\/2025\/04\/K1024_IMG_3556.jpg 1024w, https:\/\/gymnasium-zwoenitz.com\/wp-content\/uploads\/2025\/04\/K1024_IMG_3556-300x225.jpg 300w, https:\/\/gymnasium-zwoenitz.com\/wp-content\/uploads\/2025\/04\/K1024_IMG_3556-768x576.jpg 768w\" sizes=\"(max-width: 1024px) 100vw, 1024px\" \/><\/figure><\/li><\/ul><a class=\"wp-block-jetpack-slideshow_button-prev swiper-button-prev swiper-button-white\" role=\"button\"><\/a><a class=\"wp-block-jetpack-slideshow_button-next swiper-button-next swiper-button-white\" role=\"button\"><\/a><a aria-label=\"Pause Slideshow\" class=\"wp-block-jetpack-slideshow_button-pause\" role=\"button\"><\/a><div class=\"wp-block-jetpack-slideshow_pagination swiper-pagination swiper-pagination-white\"><\/div><\/div><\/div>\n","protected":false},"excerpt":{"rendered":"<p>Das Schulfest tr\u00e4gt jeden Sommer zu einem sch\u00f6nen Abschluss des Schuljahres bei und wird vom Sch\u00fclerrat organisiert. Hier ein paar Impressionen vom Schulfest 2024:<\/p>\n","protected":false},"author":1,"featured_media":0,"parent":2175,"menu_order":0,"comment_status":"closed","ping_status":"closed","template":"","meta":{"footnotes":""},"tags":[],"class_list":["post-2176","page","type-page","status-publish","hentry"],"jetpack_sharing_enabled":false,"_links":{"self":[{"href":"https:\/\/gymnasium-zwoenitz.com\/index.php\/wp-json\/wp\/v2\/pages\/2176","targetHints":{"allow":["GET"]}}],"collection":[{"href":"https:\/\/gymnasium-zwoenitz.com\/index.php\/wp-json\/wp\/v2\/pages"}],"about":[{"href":"https:\/\/gymnasium-zwoenitz.com\/index.php\/wp-json\/wp\/v2\/types\/page"}],"author":[{"embeddable":true,"href":"https:\/\/gymnasium-zwoenitz.com\/index.php\/wp-json\/wp\/v2\/users\/1"}],"replies":[{"embeddable":true,"href":"https:\/\/gymnasium-zwoenitz.com\/index.php\/wp-json\/wp\/v2\/comments?post=2176"}],"version-history":[{"count":2,"href":"https:\/\/gymnasium-zwoenitz.com\/index.php\/wp-json\/wp\/v2\/pages\/2176\/revisions"}],"predecessor-version":[{"id":19892,"href":"https:\/\/gymnasium-zwoenitz.com\/index.php\/wp-json\/wp\/v2\/pages\/2176\/revisions\/19892"}],"up":[{"embeddable":true,"href":"https:\/\/gymnasium-zwoenitz.com\/index.php\/wp-json\/wp\/v2\/pages\/2175"}],"wp:attachment":[{"href":"https:\/\/gymnasium-zwoenitz.com\/index.php\/wp-json\/wp\/v2\/media?parent=2176"}],"wp:term":[{"taxonomy":"post_tag","embeddable":true,"href":"https:\/\/gymnasium-zwoenitz.com\/index.php\/wp-json\/wp\/v2\/tags?post=2176"}],"curies":[{"name":"wp","href":"https:\/\/api.w.org\/{rel}","templated":true}]}}