{"id":135,"date":"2017-09-13T16:51:36","date_gmt":"2017-09-13T14:51:36","guid":{"rendered":"https:\/\/gymnasiumzwoenitz.wordpress.com\/?page_id=135"},"modified":"2026-04-14T13:18:09","modified_gmt":"2026-04-14T11:18:09","slug":"unterrichtszeiten","status":"publish","type":"page","link":"https:\/\/gymnasium-zwoenitz.com\/index.php\/schulleben\/unterrichtszeiten\/","title":{"rendered":"Unterrichtszeiten"},"content":{"rendered":"\n<h3 class=\"wp-block-heading\"><strong>regul\u00e4rer Plan<br>\n<\/strong><\/h3>\n\n\n\n<p>Damit die Sch\u00fcler der Klassen 5 und 6 in Ruhe ihr Mittagessen einnehmen k\u00f6nnen, haben sie die Mittagspause bereits nach der 4. Unterrichtsstunde, alle anderen nach der 5. Stunde.<\/p>\n\n\n\n<figure class=\"wp-block-table\"><table><tbody><tr><td>\n<p style=\"text-align:center;\"><strong>Stunde<\/strong><\/p>\n<\/td><td><strong>Klasse 5\/6<\/strong><\/td><td><strong>Pausen<\/strong><\/td><td><strong>Klasse 7-12 <\/strong><\/td><td><strong>Pausen<\/strong><\/td><\/tr><tr><td>\n<p style=\"text-align:center;\"><strong>1<\/strong><\/p>\n<\/td><td>07.30 \u2013 08.15<\/td><td><\/td><td>07.30 \u2013 08.15<\/td><td><\/td><\/tr><tr><td><\/td><td><\/td><td>5<\/td><td><\/td><td>5<\/td><\/tr><tr><td>\n<p style=\"text-align:center;\"><strong>2<\/strong><\/p>\n<\/td><td>08.20 \u2013 09.05<\/td><td><\/td><td>08.20 \u2013 09.05<\/td><td><\/td><\/tr><tr><td><\/td><td><\/td><td>20<\/td><td><\/td><td>20<\/td><\/tr><tr><td>\n<p style=\"text-align:center;\"><strong>3\/4<\/strong><\/p>\n<\/td><td>09.25 \u2013 10.55<\/td><td><\/td><td>09.25 \u2013 10.55<\/td><td><\/td><\/tr><tr><td><\/td><td><\/td><td>30<\/td><td><\/td><td>10<\/td><\/tr><tr><td>\n<p style=\"text-align:center;\"><strong>5<\/strong><\/p>\n<\/td><td>11.25 \u2013 12.10<\/td><td><\/td><td>11.05 \u2013 11.50<\/td><td><\/td><\/tr><tr><td><\/td><td><\/td><td>10<\/td><td><\/td><td>30<\/td><\/tr><tr><td>\n<p style=\"text-align:center;\"><strong>6<\/strong><\/p>\n<\/td><td>12.20 \u2013 13.05<\/td><td><\/td><td>12.20 \u2013 13.05<\/td><td><\/td><\/tr><tr><td><\/td><td><\/td><td>5<\/td><td><\/td><td>5<\/td><\/tr><tr><td>\n<p style=\"text-align:center;\"><strong>7<\/strong><\/p>\n<\/td><td>13.10 \u2013 13.55<\/td><td><\/td><td>13.10 \u2013 13.55<\/td><td><\/td><\/tr><tr><td><\/td><td><\/td><td><\/td><td><\/td><td>5<\/td><\/tr><tr><td>\n<p style=\"text-align:center;\"><strong>8\/9<\/strong><\/p>\n<\/td><td><\/td><td><\/td><td>14.00 \u2013 15.30<\/td><td><\/td><\/tr><\/tbody><\/table><\/figure>\n\n\n\n<h3 class=\"wp-block-heading\" id=\"verkuerzt\"><strong><br>\nPlan f\u00fcr verk\u00fcrzten Unterricht<\/strong><\/h3>\n\n\n\n<p>Bei anhaltenden sommerlichen Temperaturen oder anderen schulorganisatorischen Besonderheiten kann der Unterricht verk\u00fcrzt  durchgef\u00fchrt werden. Eine Unterrichtsstunde dauert dann nur 30 Minuten. Der  Schulleiter informiert dar\u00fcber Eltern, Lehrer und Sch\u00fcler jeweils am Vortag.<\/p>\n\n\n\n<figure class=\"wp-block-table\"><table><tbody><tr><td><strong>Stunde<\/strong><\/td><td><strong>Klasse 5-12<\/strong><\/td><td><strong>Pausen<\/strong><\/td><\/tr><tr><td>1<\/td><td>07.30 \u2013 08.00<\/td><td>&nbsp;<\/td><\/tr><tr><td>&nbsp;<\/td><td>&nbsp;<\/td><td>10<\/td><\/tr><tr><td>2<\/td><td>08.10 \u2013 08.40<\/td><td>&nbsp;<\/td><\/tr><tr><td>&nbsp;<\/td><td>&nbsp;<\/td><td>20<\/td><\/tr><tr><td>3\/4<\/td><td>09.00 \u2013 10.00<\/td><td>&nbsp;<\/td><\/tr><tr><td>&nbsp;<\/td><td>&nbsp;<\/td><td>10<\/td><\/tr><tr><td>5<\/td><td>10.10 \u2013 10.40<\/td><td>&nbsp;<\/td><\/tr><tr><td>&nbsp;<\/td><td>&nbsp;<\/td><td>10<\/td><\/tr><tr><td>6<\/td><td>10.50 \u2013 11.20<\/td><td>&nbsp;<\/td><\/tr><tr><td>&nbsp;<\/td><td>&nbsp;<\/td><td>5<\/td><\/tr><tr><td>7<\/td><td>11.25 \u2013 11.55<\/td><td>&nbsp;<\/td><\/tr><tr><td>&nbsp;<\/td><td>&nbsp;<\/td><td>10<\/td><\/tr><tr><td>8\/9<\/td><td>12.05 \u2013 13.05<\/td><td><\/td><\/tr><\/tbody><\/table><\/figure>\n","protected":false},"excerpt":{"rendered":"<p>regul\u00e4rer Plan Damit die Sch\u00fcler der Klassen 5 und 6 in Ruhe ihr Mittagessen einnehmen k\u00f6nnen, haben sie die Mittagspause bereits nach der 4. Unterrichtsstunde, alle anderen nach der 5. Stunde. Stunde Klasse 5\/6 Pausen Klasse 7-12 Pausen 1 07.30 \u2013 08.15 07.30 \u2013 08.15 5 5 2 08.20 \u2013 09.05 08.20 \u2013 09.05 20<a class=\"more-link\" href=\"https:\/\/gymnasium-zwoenitz.com\/index.php\/schulleben\/unterrichtszeiten\/\">Continue reading <span class=\"screen-reader-text\">&#8222;Unterrichtszeiten&#8220;<\/span><\/a><\/p>\n","protected":false},"author":1,"featured_media":0,"parent":20,"menu_order":0,"comment_status":"closed","ping_status":"closed","template":"","meta":{"footnotes":""},"tags":[],"class_list":["post-135","page","type-page","status-publish","hentry"],"jetpack_sharing_enabled":false,"_links":{"self":[{"href":"https:\/\/gymnasium-zwoenitz.com\/index.php\/wp-json\/wp\/v2\/pages\/135","targetHints":{"allow":["GET"]}}],"collection":[{"href":"https:\/\/gymnasium-zwoenitz.com\/index.php\/wp-json\/wp\/v2\/pages"}],"about":[{"href":"https:\/\/gymnasium-zwoenitz.com\/index.php\/wp-json\/wp\/v2\/types\/page"}],"author":[{"embeddable":true,"href":"https:\/\/gymnasium-zwoenitz.com\/index.php\/wp-json\/wp\/v2\/users\/1"}],"replies":[{"embeddable":true,"href":"https:\/\/gymnasium-zwoenitz.com\/index.php\/wp-json\/wp\/v2\/comments?post=135"}],"version-history":[{"count":2,"href":"https:\/\/gymnasium-zwoenitz.com\/index.php\/wp-json\/wp\/v2\/pages\/135\/revisions"}],"predecessor-version":[{"id":20056,"href":"https:\/\/gymnasium-zwoenitz.com\/index.php\/wp-json\/wp\/v2\/pages\/135\/revisions\/20056"}],"up":[{"embeddable":true,"href":"https:\/\/gymnasium-zwoenitz.com\/index.php\/wp-json\/wp\/v2\/pages\/20"}],"wp:attachment":[{"href":"https:\/\/gymnasium-zwoenitz.com\/index.php\/wp-json\/wp\/v2\/media?parent=135"}],"wp:term":[{"taxonomy":"post_tag","embeddable":true,"href":"https:\/\/gymnasium-zwoenitz.com\/index.php\/wp-json\/wp\/v2\/tags?post=135"}],"curies":[{"name":"wp","href":"https:\/\/api.w.org\/{rel}","templated":true}]}}