{"id":134,"date":"2017-09-13T16:51:36","date_gmt":"2017-09-13T14:51:36","guid":{"rendered":"https:\/\/gymnasiumzwoenitz.wordpress.com\/?page_id=134"},"modified":"2024-10-16T08:52:41","modified_gmt":"2024-10-16T06:52:41","slug":"speiseplan","status":"publish","type":"page","link":"https:\/\/gymnasium-zwoenitz.com\/index.php\/schulleben\/speiseplan\/","title":{"rendered":"Mittagsversorgung"},"content":{"rendered":"\n<p>Unsere Schule wird durch die Men\u00fc-K\u00fcche Heide beliefert. <\/p>\n\n\n\n<div data-wp-interactive=\"core\/file\" class=\"wp-block-file\"><object data-wp-bind--hidden=\"!state.hasPdfPreview\" hidden class=\"wp-block-file__embed\" data=\"https:\/\/gymnasium-zwoenitz.com\/wp-content\/uploads\/2024\/10\/Infos-Menuekueche-Heide.pdf\" type=\"application\/pdf\" style=\"width:100%;height:600px\" aria-label=\"Einbettung von Infos Men\u00fck\u00fcche Heide.\"><\/object><a id=\"wp-block-file--media-bf7f3692-87fd-4f03-a119-af2b87da3414\" href=\"https:\/\/gymnasium-zwoenitz.com\/wp-content\/uploads\/2024\/10\/Infos-Menuekueche-Heide.pdf\">Infos Men\u00fck\u00fcche Heide<\/a><a href=\"https:\/\/gymnasium-zwoenitz.com\/wp-content\/uploads\/2024\/10\/Infos-Menuekueche-Heide.pdf\" class=\"wp-block-file__button wp-element-button\" download aria-describedby=\"wp-block-file--media-bf7f3692-87fd-4f03-a119-af2b87da3414\">Herunterladen<\/a><\/div>\n\n\n\n<p class=\"has-background\" style=\"background-color:#f3d5dd\">Bitte bestellen Sie das Essen Ihres Kindes \u00fcber das angebotene Online-Portal (<a href=\"https:\/\/bestellsystem.menue-kueche-heide.de\/\" target=\"_blank\" rel=\"noreferrer noopener\">https:\/\/bestellsystem.menue-kueche-heide.de\/<\/a>). <strong>Auf dieser Seite finden Sie &#8211; auch ohne Registrierung &#8211; den aktuellen Speiseplan.<\/strong><\/p>\n\n\n\n<p>Meldungen zur Bestellung bitte <strong>unbedingt einen Tag vorher<\/strong>!<\/p>\n\n\n\n<ul class=\"wp-block-list\">\n<li>Essenmarkenverkauf nur Donnerstag und Freitag von 9:05 Uhr bis 9:25 Uhr<\/li>\n\n\n\n<li>telefonische Ab- und Nachbestellung unter Tel. 03774 25336 (lt. Elternbrief)<\/li>\n<\/ul>\n\n\n\n<p class=\"orange\">Hinweis f\u00fcr Allergiker: Detaillierte Angaben zu den Zusatzstoffen\/Allergenen erhalten Sie unter der oben angegebenen Telefonnummer und entnehmen Sie unserem Aushang- bzw. Anschreiben. Vielen Dank .<\/p>\n\n\n\n<h2 class=\"wp-block-heading has-text-color\" id=\"hinweise-zu-bestellung-und-kassierung\" style=\"color:#c15407\">Hinweise zu Bestellung und Kassierung<\/h2>\n\n\n\n<p><strong>Klick <\/strong>auf das Bild f\u00fcr alle Informationen:<\/p>\n\n\n\n<figure class=\"wp-block-image size-large\"><a href=\"https:\/\/gymnasiumzwoenitz.files.wordpress.com\/2021\/09\/hinweise-gymnasium-zwoenitz-2021.docx-1.pdf\" target=\"_blank\" rel=\"noopener\"><img loading=\"lazy\" decoding=\"async\" width=\"1240\" height=\"1754\" src=\"https:\/\/gymnasiumzwoenitz.files.wordpress.com\/2021\/09\/hinweise.jpg?w=724\" alt=\"\" class=\"wp-image-9160\" srcset=\"https:\/\/gymnasium-zwoenitz.com\/wp-content\/uploads\/2021\/09\/hinweise.jpg 1240w, https:\/\/gymnasium-zwoenitz.com\/wp-content\/uploads\/2021\/09\/hinweise-212x300.jpg 212w, https:\/\/gymnasium-zwoenitz.com\/wp-content\/uploads\/2021\/09\/hinweise-724x1024.jpg 724w, https:\/\/gymnasium-zwoenitz.com\/wp-content\/uploads\/2021\/09\/hinweise-768x1086.jpg 768w, https:\/\/gymnasium-zwoenitz.com\/wp-content\/uploads\/2021\/09\/hinweise-1086x1536.jpg 1086w, https:\/\/gymnasium-zwoenitz.com\/wp-content\/uploads\/2021\/09\/hinweise-648x917.jpg 648w, https:\/\/gymnasium-zwoenitz.com\/wp-content\/uploads\/2021\/09\/hinweise-136x192.jpg 136w\" sizes=\"auto, (max-width: 1240px) 100vw, 1240px\" \/><\/a><\/figure>\n\n\n\n<p><\/p>\n","protected":false},"excerpt":{"rendered":"<p>Unsere Schule wird durch die Men\u00fc-K\u00fcche Heide beliefert. Bitte bestellen Sie das Essen Ihres Kindes \u00fcber das angebotene Online-Portal (https:\/\/bestellsystem.menue-kueche-heide.de\/). Auf dieser Seite finden Sie &#8211; auch ohne Registrierung &#8211; den aktuellen Speiseplan. Meldungen zur Bestellung bitte unbedingt einen Tag vorher! Hinweis f\u00fcr Allergiker: Detaillierte Angaben zu den Zusatzstoffen\/Allergenen erhalten Sie unter der oben angegebenen<a class=\"more-link\" href=\"https:\/\/gymnasium-zwoenitz.com\/index.php\/schulleben\/speiseplan\/\">Continue reading <span class=\"screen-reader-text\">&#8222;Mittagsversorgung&#8220;<\/span><\/a><\/p>\n","protected":false},"author":1,"featured_media":0,"parent":20,"menu_order":0,"comment_status":"closed","ping_status":"closed","template":"","meta":{"footnotes":""},"tags":[],"class_list":["post-134","page","type-page","status-publish","hentry"],"jetpack_sharing_enabled":false,"_links":{"self":[{"href":"https:\/\/gymnasium-zwoenitz.com\/index.php\/wp-json\/wp\/v2\/pages\/134","targetHints":{"allow":["GET"]}}],"collection":[{"href":"https:\/\/gymnasium-zwoenitz.com\/index.php\/wp-json\/wp\/v2\/pages"}],"about":[{"href":"https:\/\/gymnasium-zwoenitz.com\/index.php\/wp-json\/wp\/v2\/types\/page"}],"author":[{"embeddable":true,"href":"https:\/\/gymnasium-zwoenitz.com\/index.php\/wp-json\/wp\/v2\/users\/1"}],"replies":[{"embeddable":true,"href":"https:\/\/gymnasium-zwoenitz.com\/index.php\/wp-json\/wp\/v2\/comments?post=134"}],"version-history":[{"count":2,"href":"https:\/\/gymnasium-zwoenitz.com\/index.php\/wp-json\/wp\/v2\/pages\/134\/revisions"}],"predecessor-version":[{"id":19788,"href":"https:\/\/gymnasium-zwoenitz.com\/index.php\/wp-json\/wp\/v2\/pages\/134\/revisions\/19788"}],"up":[{"embeddable":true,"href":"https:\/\/gymnasium-zwoenitz.com\/index.php\/wp-json\/wp\/v2\/pages\/20"}],"wp:attachment":[{"href":"https:\/\/gymnasium-zwoenitz.com\/index.php\/wp-json\/wp\/v2\/media?parent=134"}],"wp:term":[{"taxonomy":"post_tag","embeddable":true,"href":"https:\/\/gymnasium-zwoenitz.com\/index.php\/wp-json\/wp\/v2\/tags?post=134"}],"curies":[{"name":"wp","href":"https:\/\/api.w.org\/{rel}","templated":true}]}}