{"id":131,"date":"2017-09-13T16:51:36","date_gmt":"2017-09-13T14:51:36","guid":{"rendered":"https:\/\/gymnasiumzwoenitz.wordpress.com\/?page_id=131"},"modified":"2017-09-13T16:51:36","modified_gmt":"2017-09-13T14:51:36","slug":"soziales-engagement","status":"publish","type":"page","link":"https:\/\/gymnasium-zwoenitz.com\/index.php\/schulleben\/soziales-engagement\/","title":{"rendered":"Soziales Engagement"},"content":{"rendered":"<h4><strong>genialsozial \u2013 Deine Arbeit gegen Armut!<\/strong><\/h4>\n<p>Unser Gymnasium beteiligt sichschon seit vielen Jahren an der s\u00e4chsischen Aktion genialsozial, bei der die Sch\u00fcler einmal im Jahr die M\u00f6glichkeit bekommen,<br \/>\ndie Schulbank gegen einen Arbeitsplatz zu tauschen. Diese freiwillige Aktion findet an unserer Schule immer am letzten Dienstag vor den Sommerferien ab Klasse 7<br \/>\nstatt. Mit einem Teil des erarbeiteten Geldes werden soziale Projekte der Entwicklungszusammenarbeit unterst\u00fctzt, welche die Lebens- und Bildungsbedingungen von jungen Menschen weltweit verbessern sollen. Im Januar 2016 wurden z.B. die 4 Projekte von einer Sch\u00fclerInnenjury ausgew\u00e4hlt und anschlie\u00dfend gef\u00f6rdert:<\/p>\n<ol>\n<li>Medizinische Hilfe und Versorgung f\u00fcr Schwangere und Neugeborene in S\u00fcd-Madagaskar<\/li>\n<li>Bau eines K\u00fcchengeb\u00e4udes in einem Kinderheim in Salem in Indien<\/li>\n<li>Ausbau eines Bildungszentrums und Installation von Komposttoiletten und einem Wassertank im Distrikt Tororo in Uganda<\/li>\n<li>Bau einer Primary School mit landwirtschaftlicher Ausrichtung in Utiri in Tansania<\/li>\n<\/ol>\n<p>2017 erarbeiteten unsere Sch\u00fcler eine Gesamtsumme von 6701,50 \u20ac. 30% davon flie\u00dfen immer in die F\u00f6rderung eines regionalen Projektes. Am 4.12.2017 konnten<br \/>\nVertreter des Sch\u00fclerrates dem Kinderhospiz \u201cSchmetterling\u201d in Chemnitz \u00fcber 2000 \u20ac \u00fcbergeben.<\/p>\n<p><em>von Antonia Wolf (Jgs.-stufe 11)<\/em><\/p>\n","protected":false},"excerpt":{"rendered":"<p>genialsozial \u2013 Deine Arbeit gegen Armut! Unser Gymnasium beteiligt sichschon seit vielen Jahren an der s\u00e4chsischen Aktion genialsozial, bei der die Sch\u00fcler einmal im Jahr die M\u00f6glichkeit bekommen, die Schulbank gegen einen Arbeitsplatz zu tauschen. Diese freiwillige Aktion findet an unserer Schule immer am letzten Dienstag vor den Sommerferien ab Klasse 7 statt. Mit einem<a class=\"more-link\" href=\"https:\/\/gymnasium-zwoenitz.com\/index.php\/schulleben\/soziales-engagement\/\">Continue reading <span class=\"screen-reader-text\">&#8222;Soziales Engagement&#8220;<\/span><\/a><\/p>\n","protected":false},"author":1,"featured_media":0,"parent":20,"menu_order":0,"comment_status":"closed","ping_status":"closed","template":"","meta":{"footnotes":""},"tags":[],"class_list":["post-131","page","type-page","status-publish","hentry"],"jetpack_sharing_enabled":false,"_links":{"self":[{"href":"https:\/\/gymnasium-zwoenitz.com\/index.php\/wp-json\/wp\/v2\/pages\/131","targetHints":{"allow":["GET"]}}],"collection":[{"href":"https:\/\/gymnasium-zwoenitz.com\/index.php\/wp-json\/wp\/v2\/pages"}],"about":[{"href":"https:\/\/gymnasium-zwoenitz.com\/index.php\/wp-json\/wp\/v2\/types\/page"}],"author":[{"embeddable":true,"href":"https:\/\/gymnasium-zwoenitz.com\/index.php\/wp-json\/wp\/v2\/users\/1"}],"replies":[{"embeddable":true,"href":"https:\/\/gymnasium-zwoenitz.com\/index.php\/wp-json\/wp\/v2\/comments?post=131"}],"version-history":[{"count":0,"href":"https:\/\/gymnasium-zwoenitz.com\/index.php\/wp-json\/wp\/v2\/pages\/131\/revisions"}],"up":[{"embeddable":true,"href":"https:\/\/gymnasium-zwoenitz.com\/index.php\/wp-json\/wp\/v2\/pages\/20"}],"wp:attachment":[{"href":"https:\/\/gymnasium-zwoenitz.com\/index.php\/wp-json\/wp\/v2\/media?parent=131"}],"wp:term":[{"taxonomy":"post_tag","embeddable":true,"href":"https:\/\/gymnasium-zwoenitz.com\/index.php\/wp-json\/wp\/v2\/tags?post=131"}],"curies":[{"name":"wp","href":"https:\/\/api.w.org\/{rel}","templated":true}]}}