{"id":128,"date":"2017-09-13T16:51:36","date_gmt":"2017-09-13T14:51:36","guid":{"rendered":"https:\/\/gymnasiumzwoenitz.wordpress.com\/?page_id=128"},"modified":"2017-09-13T16:51:36","modified_gmt":"2017-09-13T14:51:36","slug":"schulpartnerschaft-china","status":"publish","type":"page","link":"https:\/\/gymnasium-zwoenitz.com\/index.php\/schulleben\/internationales\/schulpartnerschaft-china\/","title":{"rendered":"Schulpartnerschaft China"},"content":{"rendered":"\n<p>Unsere Schule tauscht seit diesem Schuljahr Sch\u00fclerInnen mit einer Schule in Shenzhen aus. Wie so ein Besuch chinesischer Sch\u00fclerInnen bei uns aussieht, kann man hier nachlesen:<\/p>\n\n\n\n<h4 class=\"has-luminous-vivid-orange-color wp-block-heading\">Tag 1 &#8211;  18.08.2019<\/h4>\n\n\n\n<p>Seit einigen Jahren (seit 2015) gibt es an unserem Gymnasium die  Partnerschaft mit chinesischen Schulen. Das Ganze hat gerade wieder  Fahrt aufgenommen, denn seit dem 18. August 2019 besuchten 10  chinesische Sch\u00fclerinnen und Sch\u00fcler unsere Region. Sie wohnten f\u00fcr 4  Tage bei M\u00e4dchen und Jungen&nbsp;unserer Schule. <\/p>\n\n\n\n<p>In einem  Vorbereitungsseminar am Ende des letzten Schuljahres hatten sich alle  Teilnehmer unseres China-Projektes daf\u00fcr fit gemacht. Unter Anleitung  von&nbsp;Maren und Volker, die f\u00fcr die Organisation ENSA (die unseren  Austausch f\u00f6rdert)&nbsp;t\u00e4tig sind. &nbsp; <\/p>\n\n\n\n<p>Im wunderbaren Ambiente der Naturschutzstationin D\u00f6rfel hatten wir  als Gruppe viel Arbeit und vor allem Spa\u00df, was man sicherlich auch an  den Fotos sehen kann.&nbsp; &nbsp; <\/p>\n\n\n\n<div class=\"wp-block-jetpack-slideshow aligncenter\" data-effect=\"fade\"><div class=\"wp-block-jetpack-slideshow_container swiper-container\"><ul class=\"wp-block-jetpack-slideshow_swiper-wrapper swiper-wrapper\"><li class=\"wp-block-jetpack-slideshow_slide swiper-slide\"><figure><img loading=\"lazy\" decoding=\"async\" width=\"2137\" height=\"1200\" alt=\"\" class=\"wp-block-jetpack-slideshow_image wp-image-2123\" data-id=\"2123\" src=\"https:\/\/gymnasiumzwoenitz.files.wordpress.com\/2019\/08\/k1600_dsc03729.jpg\" srcset=\"https:\/\/gymnasium-zwoenitz.com\/wp-content\/uploads\/2019\/08\/k1600_dsc03729.jpg 2137w, https:\/\/gymnasium-zwoenitz.com\/wp-content\/uploads\/2019\/08\/k1600_dsc03729-300x168.jpg 300w, https:\/\/gymnasium-zwoenitz.com\/wp-content\/uploads\/2019\/08\/k1600_dsc03729-1024x575.jpg 1024w, https:\/\/gymnasium-zwoenitz.com\/wp-content\/uploads\/2019\/08\/k1600_dsc03729-768x431.jpg 768w, https:\/\/gymnasium-zwoenitz.com\/wp-content\/uploads\/2019\/08\/k1600_dsc03729-1536x863.jpg 1536w, https:\/\/gymnasium-zwoenitz.com\/wp-content\/uploads\/2019\/08\/k1600_dsc03729-2048x1150.jpg 2048w, https:\/\/gymnasium-zwoenitz.com\/wp-content\/uploads\/2019\/08\/k1600_dsc03729-648x364.jpg 648w, https:\/\/gymnasium-zwoenitz.com\/wp-content\/uploads\/2019\/08\/k1600_dsc03729-342x192.jpg 342w\" sizes=\"(max-width: 2137px) 100vw, 2137px\" \/><\/figure><\/li><li class=\"wp-block-jetpack-slideshow_slide swiper-slide\"><figure><img loading=\"lazy\" decoding=\"async\" width=\"2137\" height=\"1200\" alt=\"\" class=\"wp-block-jetpack-slideshow_image wp-image-2128\" data-id=\"2128\" src=\"https:\/\/gymnasiumzwoenitz.files.wordpress.com\/2019\/08\/k1600_dsc03751.jpg\" srcset=\"https:\/\/gymnasium-zwoenitz.com\/wp-content\/uploads\/2019\/08\/k1600_dsc03751.jpg 2137w, https:\/\/gymnasium-zwoenitz.com\/wp-content\/uploads\/2019\/08\/k1600_dsc03751-300x168.jpg 300w, https:\/\/gymnasium-zwoenitz.com\/wp-content\/uploads\/2019\/08\/k1600_dsc03751-1024x575.jpg 1024w, https:\/\/gymnasium-zwoenitz.com\/wp-content\/uploads\/2019\/08\/k1600_dsc03751-768x431.jpg 768w, https:\/\/gymnasium-zwoenitz.com\/wp-content\/uploads\/2019\/08\/k1600_dsc03751-1536x863.jpg 1536w, https:\/\/gymnasium-zwoenitz.com\/wp-content\/uploads\/2019\/08\/k1600_dsc03751-2048x1150.jpg 2048w, https:\/\/gymnasium-zwoenitz.com\/wp-content\/uploads\/2019\/08\/k1600_dsc03751-648x364.jpg 648w, https:\/\/gymnasium-zwoenitz.com\/wp-content\/uploads\/2019\/08\/k1600_dsc03751-342x192.jpg 342w\" sizes=\"(max-width: 2137px) 100vw, 2137px\" \/><\/figure><\/li><li class=\"wp-block-jetpack-slideshow_slide swiper-slide\"><figure><img loading=\"lazy\" decoding=\"async\" width=\"2137\" height=\"1200\" alt=\"\" class=\"wp-block-jetpack-slideshow_image wp-image-2127\" data-id=\"2127\" src=\"https:\/\/gymnasiumzwoenitz.files.wordpress.com\/2019\/08\/k1600_dsc03747.jpg\" srcset=\"https:\/\/gymnasium-zwoenitz.com\/wp-content\/uploads\/2019\/08\/k1600_dsc03747.jpg 2137w, https:\/\/gymnasium-zwoenitz.com\/wp-content\/uploads\/2019\/08\/k1600_dsc03747-300x168.jpg 300w, https:\/\/gymnasium-zwoenitz.com\/wp-content\/uploads\/2019\/08\/k1600_dsc03747-1024x575.jpg 1024w, https:\/\/gymnasium-zwoenitz.com\/wp-content\/uploads\/2019\/08\/k1600_dsc03747-768x431.jpg 768w, https:\/\/gymnasium-zwoenitz.com\/wp-content\/uploads\/2019\/08\/k1600_dsc03747-1536x863.jpg 1536w, https:\/\/gymnasium-zwoenitz.com\/wp-content\/uploads\/2019\/08\/k1600_dsc03747-2048x1150.jpg 2048w, https:\/\/gymnasium-zwoenitz.com\/wp-content\/uploads\/2019\/08\/k1600_dsc03747-648x364.jpg 648w, https:\/\/gymnasium-zwoenitz.com\/wp-content\/uploads\/2019\/08\/k1600_dsc03747-342x192.jpg 342w\" sizes=\"(max-width: 2137px) 100vw, 2137px\" \/><\/figure><\/li><li class=\"wp-block-jetpack-slideshow_slide swiper-slide\"><figure><img loading=\"lazy\" decoding=\"async\" width=\"2137\" height=\"1200\" alt=\"\" class=\"wp-block-jetpack-slideshow_image wp-image-2126\" data-id=\"2126\" src=\"https:\/\/gymnasiumzwoenitz.files.wordpress.com\/2019\/08\/k1600_dsc03744.jpg\" srcset=\"https:\/\/gymnasium-zwoenitz.com\/wp-content\/uploads\/2019\/08\/k1600_dsc03744.jpg 2137w, https:\/\/gymnasium-zwoenitz.com\/wp-content\/uploads\/2019\/08\/k1600_dsc03744-300x168.jpg 300w, https:\/\/gymnasium-zwoenitz.com\/wp-content\/uploads\/2019\/08\/k1600_dsc03744-1024x575.jpg 1024w, https:\/\/gymnasium-zwoenitz.com\/wp-content\/uploads\/2019\/08\/k1600_dsc03744-768x431.jpg 768w, https:\/\/gymnasium-zwoenitz.com\/wp-content\/uploads\/2019\/08\/k1600_dsc03744-1536x863.jpg 1536w, https:\/\/gymnasium-zwoenitz.com\/wp-content\/uploads\/2019\/08\/k1600_dsc03744-2048x1150.jpg 2048w, https:\/\/gymnasium-zwoenitz.com\/wp-content\/uploads\/2019\/08\/k1600_dsc03744-648x364.jpg 648w, https:\/\/gymnasium-zwoenitz.com\/wp-content\/uploads\/2019\/08\/k1600_dsc03744-342x192.jpg 342w\" sizes=\"(max-width: 2137px) 100vw, 2137px\" \/><\/figure><\/li><li class=\"wp-block-jetpack-slideshow_slide swiper-slide\"><figure><img loading=\"lazy\" decoding=\"async\" width=\"2137\" height=\"1200\" alt=\"\" class=\"wp-block-jetpack-slideshow_image wp-image-2125\" data-id=\"2125\" src=\"https:\/\/gymnasiumzwoenitz.files.wordpress.com\/2019\/08\/k1600_dsc03739.jpg\" srcset=\"https:\/\/gymnasium-zwoenitz.com\/wp-content\/uploads\/2019\/08\/k1600_dsc03739.jpg 2137w, https:\/\/gymnasium-zwoenitz.com\/wp-content\/uploads\/2019\/08\/k1600_dsc03739-300x168.jpg 300w, https:\/\/gymnasium-zwoenitz.com\/wp-content\/uploads\/2019\/08\/k1600_dsc03739-1024x575.jpg 1024w, https:\/\/gymnasium-zwoenitz.com\/wp-content\/uploads\/2019\/08\/k1600_dsc03739-768x431.jpg 768w, https:\/\/gymnasium-zwoenitz.com\/wp-content\/uploads\/2019\/08\/k1600_dsc03739-1536x863.jpg 1536w, https:\/\/gymnasium-zwoenitz.com\/wp-content\/uploads\/2019\/08\/k1600_dsc03739-2048x1150.jpg 2048w, https:\/\/gymnasium-zwoenitz.com\/wp-content\/uploads\/2019\/08\/k1600_dsc03739-648x364.jpg 648w, https:\/\/gymnasium-zwoenitz.com\/wp-content\/uploads\/2019\/08\/k1600_dsc03739-342x192.jpg 342w\" sizes=\"(max-width: 2137px) 100vw, 2137px\" \/><\/figure><\/li><li class=\"wp-block-jetpack-slideshow_slide swiper-slide\"><figure><img loading=\"lazy\" decoding=\"async\" width=\"2137\" height=\"1200\" alt=\"\" class=\"wp-block-jetpack-slideshow_image wp-image-2124\" data-id=\"2124\" src=\"https:\/\/gymnasiumzwoenitz.files.wordpress.com\/2019\/08\/k1600_dsc03731.jpg\" srcset=\"https:\/\/gymnasium-zwoenitz.com\/wp-content\/uploads\/2019\/08\/k1600_dsc03731.jpg 2137w, https:\/\/gymnasium-zwoenitz.com\/wp-content\/uploads\/2019\/08\/k1600_dsc03731-300x168.jpg 300w, https:\/\/gymnasium-zwoenitz.com\/wp-content\/uploads\/2019\/08\/k1600_dsc03731-1024x575.jpg 1024w, https:\/\/gymnasium-zwoenitz.com\/wp-content\/uploads\/2019\/08\/k1600_dsc03731-768x431.jpg 768w, https:\/\/gymnasium-zwoenitz.com\/wp-content\/uploads\/2019\/08\/k1600_dsc03731-1536x863.jpg 1536w, https:\/\/gymnasium-zwoenitz.com\/wp-content\/uploads\/2019\/08\/k1600_dsc03731-2048x1150.jpg 2048w, https:\/\/gymnasium-zwoenitz.com\/wp-content\/uploads\/2019\/08\/k1600_dsc03731-648x364.jpg 648w, https:\/\/gymnasium-zwoenitz.com\/wp-content\/uploads\/2019\/08\/k1600_dsc03731-342x192.jpg 342w\" sizes=\"(max-width: 2137px) 100vw, 2137px\" \/><\/figure><\/li><\/ul><a class=\"wp-block-jetpack-slideshow_button-prev swiper-button-prev swiper-button-white\" role=\"button\"><\/a><a class=\"wp-block-jetpack-slideshow_button-next swiper-button-next swiper-button-white\" role=\"button\"><\/a><a aria-label=\"Pause Slideshow\" class=\"wp-block-jetpack-slideshow_button-pause\" role=\"button\"><\/a><div class=\"wp-block-jetpack-slideshow_pagination swiper-pagination swiper-pagination-white\"><\/div><\/div><\/div>\n\n\n\n<p>Bereits vor der Ankunft der chinesischen G\u00e4ste in Zw\u00f6nitz begleiteten drei unserer Sch\u00fclerinnen diese auf ihrer Reise nach Potsdam und Berlin. Jasmin, Kim und Sophia konnten so bereits erste Freundschaften mit den Besuchern schlie\u00dfen.<\/p>\n\n\n\n<div class=\"wp-block-jetpack-slideshow aligncenter\" data-effect=\"fade\"><div class=\"wp-block-jetpack-slideshow_container swiper-container\"><ul class=\"wp-block-jetpack-slideshow_swiper-wrapper swiper-wrapper\"><li class=\"wp-block-jetpack-slideshow_slide swiper-slide\"><figure><img loading=\"lazy\" decoding=\"async\" width=\"1600\" height=\"1200\" alt=\"\" class=\"wp-block-jetpack-slideshow_image wp-image-2251\" data-id=\"2251\" src=\"https:\/\/gymnasiumzwoenitz.files.wordpress.com\/2019\/09\/k1600_938da2f4-0ef5-4809-8b4c-056c4b6c45ff.jpg\" srcset=\"https:\/\/gymnasium-zwoenitz.com\/wp-content\/uploads\/2019\/09\/k1600_938da2f4-0ef5-4809-8b4c-056c4b6c45ff.jpg 1600w, https:\/\/gymnasium-zwoenitz.com\/wp-content\/uploads\/2019\/09\/k1600_938da2f4-0ef5-4809-8b4c-056c4b6c45ff-300x225.jpg 300w, https:\/\/gymnasium-zwoenitz.com\/wp-content\/uploads\/2019\/09\/k1600_938da2f4-0ef5-4809-8b4c-056c4b6c45ff-1024x768.jpg 1024w, https:\/\/gymnasium-zwoenitz.com\/wp-content\/uploads\/2019\/09\/k1600_938da2f4-0ef5-4809-8b4c-056c4b6c45ff-768x576.jpg 768w, https:\/\/gymnasium-zwoenitz.com\/wp-content\/uploads\/2019\/09\/k1600_938da2f4-0ef5-4809-8b4c-056c4b6c45ff-1536x1152.jpg 1536w, https:\/\/gymnasium-zwoenitz.com\/wp-content\/uploads\/2019\/09\/k1600_938da2f4-0ef5-4809-8b4c-056c4b6c45ff-648x486.jpg 648w, https:\/\/gymnasium-zwoenitz.com\/wp-content\/uploads\/2019\/09\/k1600_938da2f4-0ef5-4809-8b4c-056c4b6c45ff-256x192.jpg 256w\" sizes=\"(max-width: 1600px) 100vw, 1600px\" \/><\/figure><\/li><li class=\"wp-block-jetpack-slideshow_slide swiper-slide\"><figure><img loading=\"lazy\" decoding=\"async\" width=\"1200\" height=\"1600\" alt=\"\" class=\"wp-block-jetpack-slideshow_image wp-image-2252\" data-id=\"2252\" src=\"https:\/\/gymnasiumzwoenitz.files.wordpress.com\/2019\/09\/k1600_img_4168.jpg\" srcset=\"https:\/\/gymnasium-zwoenitz.com\/wp-content\/uploads\/2019\/09\/k1600_img_4168.jpg 1200w, https:\/\/gymnasium-zwoenitz.com\/wp-content\/uploads\/2019\/09\/k1600_img_4168-225x300.jpg 225w, https:\/\/gymnasium-zwoenitz.com\/wp-content\/uploads\/2019\/09\/k1600_img_4168-768x1024.jpg 768w, https:\/\/gymnasium-zwoenitz.com\/wp-content\/uploads\/2019\/09\/k1600_img_4168-1152x1536.jpg 1152w, https:\/\/gymnasium-zwoenitz.com\/wp-content\/uploads\/2019\/09\/k1600_img_4168-648x864.jpg 648w, https:\/\/gymnasium-zwoenitz.com\/wp-content\/uploads\/2019\/09\/k1600_img_4168-144x192.jpg 144w\" sizes=\"(max-width: 1200px) 100vw, 1200px\" \/><\/figure><\/li><\/ul><a class=\"wp-block-jetpack-slideshow_button-prev swiper-button-prev swiper-button-white\" role=\"button\"><\/a><a class=\"wp-block-jetpack-slideshow_button-next swiper-button-next swiper-button-white\" role=\"button\"><\/a><a aria-label=\"Pause Slideshow\" class=\"wp-block-jetpack-slideshow_button-pause\" role=\"button\"><\/a><div class=\"wp-block-jetpack-slideshow_pagination swiper-pagination swiper-pagination-white\"><\/div><\/div><\/div>\n\n\n\n<p>Es folgen ein paar Eindr\u00fccke von unserem Empfang f\u00fcr die  chinesischen G\u00e4ste. Sie nahmen in den folgenden Tagen auch teilweise am  Unterricht teil bzw. unternahmen sie mit den deutschen Teilnehmern eine Exkursion  nach Dresden und besuchten ein Seminar mit Maren und Volker.  Auch davon gibt es sp\u00e4ter noch Bilder! &nbsp; <\/p>\n\n\n\n<div class=\"wp-block-jetpack-slideshow aligncenter\" data-effect=\"fade\"><div class=\"wp-block-jetpack-slideshow_container swiper-container\"><ul class=\"wp-block-jetpack-slideshow_swiper-wrapper swiper-wrapper\"><li class=\"wp-block-jetpack-slideshow_slide swiper-slide\"><figure><img loading=\"lazy\" decoding=\"async\" width=\"2137\" height=\"1200\" alt=\"\" class=\"wp-block-jetpack-slideshow_image wp-image-2129\" data-id=\"2129\" src=\"https:\/\/gymnasiumzwoenitz.files.wordpress.com\/2019\/08\/k1600_dsc03793.jpg\" srcset=\"https:\/\/gymnasium-zwoenitz.com\/wp-content\/uploads\/2019\/08\/k1600_dsc03793.jpg 2137w, https:\/\/gymnasium-zwoenitz.com\/wp-content\/uploads\/2019\/08\/k1600_dsc03793-300x168.jpg 300w, https:\/\/gymnasium-zwoenitz.com\/wp-content\/uploads\/2019\/08\/k1600_dsc03793-1024x575.jpg 1024w, https:\/\/gymnasium-zwoenitz.com\/wp-content\/uploads\/2019\/08\/k1600_dsc03793-768x431.jpg 768w, https:\/\/gymnasium-zwoenitz.com\/wp-content\/uploads\/2019\/08\/k1600_dsc03793-1536x863.jpg 1536w, https:\/\/gymnasium-zwoenitz.com\/wp-content\/uploads\/2019\/08\/k1600_dsc03793-2048x1150.jpg 2048w, https:\/\/gymnasium-zwoenitz.com\/wp-content\/uploads\/2019\/08\/k1600_dsc03793-648x364.jpg 648w, https:\/\/gymnasium-zwoenitz.com\/wp-content\/uploads\/2019\/08\/k1600_dsc03793-342x192.jpg 342w\" sizes=\"(max-width: 2137px) 100vw, 2137px\" \/><\/figure><\/li><li class=\"wp-block-jetpack-slideshow_slide swiper-slide\"><figure><img loading=\"lazy\" decoding=\"async\" width=\"2137\" height=\"1200\" alt=\"\" class=\"wp-block-jetpack-slideshow_image wp-image-2134\" data-id=\"2134\" src=\"https:\/\/gymnasiumzwoenitz.files.wordpress.com\/2019\/08\/k1600_dsc03818.jpg\" srcset=\"https:\/\/gymnasium-zwoenitz.com\/wp-content\/uploads\/2019\/08\/k1600_dsc03818.jpg 2137w, https:\/\/gymnasium-zwoenitz.com\/wp-content\/uploads\/2019\/08\/k1600_dsc03818-300x168.jpg 300w, https:\/\/gymnasium-zwoenitz.com\/wp-content\/uploads\/2019\/08\/k1600_dsc03818-1024x575.jpg 1024w, https:\/\/gymnasium-zwoenitz.com\/wp-content\/uploads\/2019\/08\/k1600_dsc03818-768x431.jpg 768w, https:\/\/gymnasium-zwoenitz.com\/wp-content\/uploads\/2019\/08\/k1600_dsc03818-1536x863.jpg 1536w, https:\/\/gymnasium-zwoenitz.com\/wp-content\/uploads\/2019\/08\/k1600_dsc03818-2048x1150.jpg 2048w, https:\/\/gymnasium-zwoenitz.com\/wp-content\/uploads\/2019\/08\/k1600_dsc03818-648x364.jpg 648w, https:\/\/gymnasium-zwoenitz.com\/wp-content\/uploads\/2019\/08\/k1600_dsc03818-342x192.jpg 342w\" sizes=\"(max-width: 2137px) 100vw, 2137px\" \/><\/figure><\/li><li class=\"wp-block-jetpack-slideshow_slide swiper-slide\"><figure><img loading=\"lazy\" decoding=\"async\" width=\"2137\" height=\"1200\" alt=\"\" class=\"wp-block-jetpack-slideshow_image wp-image-2133\" data-id=\"2133\" src=\"https:\/\/gymnasiumzwoenitz.files.wordpress.com\/2019\/08\/k1600_dsc03816.jpg\" srcset=\"https:\/\/gymnasium-zwoenitz.com\/wp-content\/uploads\/2019\/08\/k1600_dsc03816.jpg 2137w, https:\/\/gymnasium-zwoenitz.com\/wp-content\/uploads\/2019\/08\/k1600_dsc03816-300x168.jpg 300w, https:\/\/gymnasium-zwoenitz.com\/wp-content\/uploads\/2019\/08\/k1600_dsc03816-1024x575.jpg 1024w, https:\/\/gymnasium-zwoenitz.com\/wp-content\/uploads\/2019\/08\/k1600_dsc03816-768x431.jpg 768w, https:\/\/gymnasium-zwoenitz.com\/wp-content\/uploads\/2019\/08\/k1600_dsc03816-1536x863.jpg 1536w, https:\/\/gymnasium-zwoenitz.com\/wp-content\/uploads\/2019\/08\/k1600_dsc03816-2048x1150.jpg 2048w, https:\/\/gymnasium-zwoenitz.com\/wp-content\/uploads\/2019\/08\/k1600_dsc03816-648x364.jpg 648w, https:\/\/gymnasium-zwoenitz.com\/wp-content\/uploads\/2019\/08\/k1600_dsc03816-342x192.jpg 342w\" sizes=\"(max-width: 2137px) 100vw, 2137px\" \/><\/figure><\/li><li class=\"wp-block-jetpack-slideshow_slide swiper-slide\"><figure><img loading=\"lazy\" decoding=\"async\" width=\"2137\" height=\"1200\" alt=\"\" class=\"wp-block-jetpack-slideshow_image wp-image-2132\" data-id=\"2132\" src=\"https:\/\/gymnasiumzwoenitz.files.wordpress.com\/2019\/08\/k1600_dsc03811.jpg\" srcset=\"https:\/\/gymnasium-zwoenitz.com\/wp-content\/uploads\/2019\/08\/k1600_dsc03811.jpg 2137w, https:\/\/gymnasium-zwoenitz.com\/wp-content\/uploads\/2019\/08\/k1600_dsc03811-300x168.jpg 300w, https:\/\/gymnasium-zwoenitz.com\/wp-content\/uploads\/2019\/08\/k1600_dsc03811-1024x575.jpg 1024w, https:\/\/gymnasium-zwoenitz.com\/wp-content\/uploads\/2019\/08\/k1600_dsc03811-768x431.jpg 768w, https:\/\/gymnasium-zwoenitz.com\/wp-content\/uploads\/2019\/08\/k1600_dsc03811-1536x863.jpg 1536w, https:\/\/gymnasium-zwoenitz.com\/wp-content\/uploads\/2019\/08\/k1600_dsc03811-2048x1150.jpg 2048w, https:\/\/gymnasium-zwoenitz.com\/wp-content\/uploads\/2019\/08\/k1600_dsc03811-648x364.jpg 648w, https:\/\/gymnasium-zwoenitz.com\/wp-content\/uploads\/2019\/08\/k1600_dsc03811-342x192.jpg 342w\" sizes=\"(max-width: 2137px) 100vw, 2137px\" \/><\/figure><\/li><li class=\"wp-block-jetpack-slideshow_slide swiper-slide\"><figure><img loading=\"lazy\" decoding=\"async\" width=\"2137\" height=\"1200\" alt=\"\" class=\"wp-block-jetpack-slideshow_image wp-image-2131\" data-id=\"2131\" src=\"https:\/\/gymnasiumzwoenitz.files.wordpress.com\/2019\/08\/k1600_dsc03808.jpg\" srcset=\"https:\/\/gymnasium-zwoenitz.com\/wp-content\/uploads\/2019\/08\/k1600_dsc03808.jpg 2137w, https:\/\/gymnasium-zwoenitz.com\/wp-content\/uploads\/2019\/08\/k1600_dsc03808-300x168.jpg 300w, https:\/\/gymnasium-zwoenitz.com\/wp-content\/uploads\/2019\/08\/k1600_dsc03808-1024x575.jpg 1024w, https:\/\/gymnasium-zwoenitz.com\/wp-content\/uploads\/2019\/08\/k1600_dsc03808-768x431.jpg 768w, https:\/\/gymnasium-zwoenitz.com\/wp-content\/uploads\/2019\/08\/k1600_dsc03808-1536x863.jpg 1536w, https:\/\/gymnasium-zwoenitz.com\/wp-content\/uploads\/2019\/08\/k1600_dsc03808-2048x1150.jpg 2048w, https:\/\/gymnasium-zwoenitz.com\/wp-content\/uploads\/2019\/08\/k1600_dsc03808-648x364.jpg 648w, https:\/\/gymnasium-zwoenitz.com\/wp-content\/uploads\/2019\/08\/k1600_dsc03808-342x192.jpg 342w\" sizes=\"(max-width: 2137px) 100vw, 2137px\" \/><\/figure><\/li><li class=\"wp-block-jetpack-slideshow_slide swiper-slide\"><figure><img loading=\"lazy\" decoding=\"async\" width=\"2137\" height=\"1200\" alt=\"\" class=\"wp-block-jetpack-slideshow_image wp-image-2130\" data-id=\"2130\" src=\"https:\/\/gymnasiumzwoenitz.files.wordpress.com\/2019\/08\/k1600_dsc03796.jpg\" srcset=\"https:\/\/gymnasium-zwoenitz.com\/wp-content\/uploads\/2019\/08\/k1600_dsc03796.jpg 2137w, https:\/\/gymnasium-zwoenitz.com\/wp-content\/uploads\/2019\/08\/k1600_dsc03796-300x168.jpg 300w, https:\/\/gymnasium-zwoenitz.com\/wp-content\/uploads\/2019\/08\/k1600_dsc03796-1024x575.jpg 1024w, https:\/\/gymnasium-zwoenitz.com\/wp-content\/uploads\/2019\/08\/k1600_dsc03796-768x431.jpg 768w, https:\/\/gymnasium-zwoenitz.com\/wp-content\/uploads\/2019\/08\/k1600_dsc03796-1536x863.jpg 1536w, https:\/\/gymnasium-zwoenitz.com\/wp-content\/uploads\/2019\/08\/k1600_dsc03796-2048x1150.jpg 2048w, https:\/\/gymnasium-zwoenitz.com\/wp-content\/uploads\/2019\/08\/k1600_dsc03796-648x364.jpg 648w, https:\/\/gymnasium-zwoenitz.com\/wp-content\/uploads\/2019\/08\/k1600_dsc03796-342x192.jpg 342w\" sizes=\"(max-width: 2137px) 100vw, 2137px\" \/><\/figure><\/li><\/ul><a class=\"wp-block-jetpack-slideshow_button-prev swiper-button-prev swiper-button-white\" role=\"button\"><\/a><a class=\"wp-block-jetpack-slideshow_button-next swiper-button-next swiper-button-white\" role=\"button\"><\/a><a aria-label=\"Pause Slideshow\" class=\"wp-block-jetpack-slideshow_button-pause\" role=\"button\"><\/a><div class=\"wp-block-jetpack-slideshow_pagination swiper-pagination swiper-pagination-white\"><\/div><\/div><\/div>\n\n\n\n<p>&#8212;&gt; <a href=\"https:\/\/gymnasium-zwoenitz.com\/schulleben\/internationales\/schulpartnerschaft-china\/schulpartnerschaft-china2\/\">Tag 2<\/a><\/p>\n","protected":false},"excerpt":{"rendered":"<p>Unsere Schule tauscht seit diesem Schuljahr Sch\u00fclerInnen mit einer Schule in Shenzhen aus. Wie so ein Besuch chinesischer Sch\u00fclerInnen bei uns aussieht, kann man hier nachlesen: Tag 1 &#8211; 18.08.2019 Seit einigen Jahren (seit 2015) gibt es an unserem Gymnasium die Partnerschaft mit chinesischen Schulen. Das Ganze hat gerade wieder Fahrt aufgenommen, denn seit dem<a class=\"more-link\" href=\"https:\/\/gymnasium-zwoenitz.com\/index.php\/schulleben\/internationales\/schulpartnerschaft-china\/\">Continue reading <span class=\"screen-reader-text\">&#8222;Schulpartnerschaft China&#8220;<\/span><\/a><\/p>\n","protected":false},"author":1,"featured_media":0,"parent":126,"menu_order":0,"comment_status":"closed","ping_status":"closed","template":"","meta":{"footnotes":""},"tags":[],"class_list":["post-128","page","type-page","status-publish","hentry"],"jetpack_sharing_enabled":false,"_links":{"self":[{"href":"https:\/\/gymnasium-zwoenitz.com\/index.php\/wp-json\/wp\/v2\/pages\/128","targetHints":{"allow":["GET"]}}],"collection":[{"href":"https:\/\/gymnasium-zwoenitz.com\/index.php\/wp-json\/wp\/v2\/pages"}],"about":[{"href":"https:\/\/gymnasium-zwoenitz.com\/index.php\/wp-json\/wp\/v2\/types\/page"}],"author":[{"embeddable":true,"href":"https:\/\/gymnasium-zwoenitz.com\/index.php\/wp-json\/wp\/v2\/users\/1"}],"replies":[{"embeddable":true,"href":"https:\/\/gymnasium-zwoenitz.com\/index.php\/wp-json\/wp\/v2\/comments?post=128"}],"version-history":[{"count":0,"href":"https:\/\/gymnasium-zwoenitz.com\/index.php\/wp-json\/wp\/v2\/pages\/128\/revisions"}],"up":[{"embeddable":true,"href":"https:\/\/gymnasium-zwoenitz.com\/index.php\/wp-json\/wp\/v2\/pages\/126"}],"wp:attachment":[{"href":"https:\/\/gymnasium-zwoenitz.com\/index.php\/wp-json\/wp\/v2\/media?parent=128"}],"wp:term":[{"taxonomy":"post_tag","embeddable":true,"href":"https:\/\/gymnasium-zwoenitz.com\/index.php\/wp-json\/wp\/v2\/tags?post=128"}],"curies":[{"name":"wp","href":"https:\/\/api.w.org\/{rel}","templated":true}]}}