{"id":126,"date":"2017-09-13T16:51:36","date_gmt":"2017-09-13T14:51:36","guid":{"rendered":"https:\/\/gymnasiumzwoenitz.wordpress.com\/?page_id=126"},"modified":"2024-10-16T08:49:03","modified_gmt":"2024-10-16T06:49:03","slug":"internationales","status":"publish","type":"page","link":"https:\/\/gymnasium-zwoenitz.com\/index.php\/schulleben\/internationales\/","title":{"rendered":"Internationales"},"content":{"rendered":"\n<p>Unsere Schule unterh\u00e4lt eine Schulpartnerschaft mit\u00a0 Jiaxing, China. Au\u00dferdem haben die Sch\u00fclerinnen und Sch\u00fcler die M\u00f6glichkeit am Erasmus-Programm teilzunehmen.<\/p>\n\n\n\n<p>&nbsp;<\/p>\n\n\n\n<p><\/p>\n","protected":false},"excerpt":{"rendered":"<p>Unsere Schule unterh\u00e4lt eine Schulpartnerschaft mit\u00a0 Jiaxing, China. Au\u00dferdem haben die Sch\u00fclerinnen und Sch\u00fcler die M\u00f6glichkeit am Erasmus-Programm teilzunehmen. &nbsp;<\/p>\n","protected":false},"author":1,"featured_media":0,"parent":20,"menu_order":0,"comment_status":"closed","ping_status":"closed","template":"","meta":{"footnotes":""},"tags":[],"class_list":["post-126","page","type-page","status-publish","hentry"],"jetpack_sharing_enabled":false,"_links":{"self":[{"href":"https:\/\/gymnasium-zwoenitz.com\/index.php\/wp-json\/wp\/v2\/pages\/126","targetHints":{"allow":["GET"]}}],"collection":[{"href":"https:\/\/gymnasium-zwoenitz.com\/index.php\/wp-json\/wp\/v2\/pages"}],"about":[{"href":"https:\/\/gymnasium-zwoenitz.com\/index.php\/wp-json\/wp\/v2\/types\/page"}],"author":[{"embeddable":true,"href":"https:\/\/gymnasium-zwoenitz.com\/index.php\/wp-json\/wp\/v2\/users\/1"}],"replies":[{"embeddable":true,"href":"https:\/\/gymnasium-zwoenitz.com\/index.php\/wp-json\/wp\/v2\/comments?post=126"}],"version-history":[{"count":3,"href":"https:\/\/gymnasium-zwoenitz.com\/index.php\/wp-json\/wp\/v2\/pages\/126\/revisions"}],"predecessor-version":[{"id":19780,"href":"https:\/\/gymnasium-zwoenitz.com\/index.php\/wp-json\/wp\/v2\/pages\/126\/revisions\/19780"}],"up":[{"embeddable":true,"href":"https:\/\/gymnasium-zwoenitz.com\/index.php\/wp-json\/wp\/v2\/pages\/20"}],"wp:attachment":[{"href":"https:\/\/gymnasium-zwoenitz.com\/index.php\/wp-json\/wp\/v2\/media?parent=126"}],"wp:term":[{"taxonomy":"post_tag","embeddable":true,"href":"https:\/\/gymnasium-zwoenitz.com\/index.php\/wp-json\/wp\/v2\/tags?post=126"}],"curies":[{"name":"wp","href":"https:\/\/api.w.org\/{rel}","templated":true}]}}