{"id":125,"date":"2017-09-13T16:51:36","date_gmt":"2017-09-13T14:51:36","guid":{"rendered":"https:\/\/gymnasiumzwoenitz.wordpress.com\/?page_id=125"},"modified":"2017-09-13T16:51:36","modified_gmt":"2017-09-13T14:51:36","slug":"berufs-und-studienorientierung","status":"publish","type":"page","link":"https:\/\/gymnasium-zwoenitz.com\/index.php\/unser-gymnasium\/beratung\/berufs-und-studienorientierung\/","title":{"rendered":"Berufs- und Studienorientierung"},"content":{"rendered":"<p>Herr Lieberwirth von der Agentur f\u00fcr Arbeit kommt regelm\u00e4\u00dfig an unsere Schule und ber\u00e4t individuell zur Berufs- und Studienwahl. Er bietet Sprechstunden und Projekte zum Thema Berufswahl, Bewerbung &amp; Co an. Aktuelle Informationen werden \u00fcber LernSax geteilt.<\/p>\n<p>F\u00fcr weitere Fragen ist Herr Lieberwirth auch telefonisch oder per E-Mail zu erreichen:<\/p>\n<p><em>J\u00f6rg Lieberwirth<br \/>\n<\/em><em>Agentur f\u00fcr Arbeit<br \/>\n<\/em><em>Schlachthofstra\u00dfe 5<br \/>\n<\/em><em>09366 Stollberg<\/em><\/p>\n<p><em>\u00a0<\/em><em>E-Mail\u00a0\u00a0\u00a0 <\/em><a href=\"mailto:joerg.lieberwirth@arbeitsagentur.de\"><em>joerg.lieberwirth@arbeitsagentur.de<br \/>\n<\/em><\/a><em>Tel. \u00a0 \u00a0 \u00a0 \u00a0 \u00a00800 4555500<br \/>\n<\/em><em>Handy\u00a0\u00a0\u00a0 01801 555111\u00a0<\/em><\/p>\n","protected":false},"excerpt":{"rendered":"<p>Herr Lieberwirth von der Agentur f\u00fcr Arbeit kommt regelm\u00e4\u00dfig an unsere Schule und ber\u00e4t individuell zur Berufs- und Studienwahl. Er bietet Sprechstunden und Projekte zum Thema Berufswahl, Bewerbung &amp; Co an. Aktuelle Informationen werden \u00fcber LernSax geteilt. F\u00fcr weitere Fragen ist Herr Lieberwirth auch telefonisch oder per E-Mail zu erreichen: J\u00f6rg Lieberwirth Agentur f\u00fcr Arbeit<a class=\"more-link\" href=\"https:\/\/gymnasium-zwoenitz.com\/index.php\/unser-gymnasium\/beratung\/berufs-und-studienorientierung\/\">Continue reading <span class=\"screen-reader-text\">&#8222;Berufs- und Studienorientierung&#8220;<\/span><\/a><\/p>\n","protected":false},"author":1,"featured_media":0,"parent":46,"menu_order":0,"comment_status":"closed","ping_status":"closed","template":"","meta":{"footnotes":""},"tags":[],"class_list":["post-125","page","type-page","status-publish","hentry"],"jetpack_sharing_enabled":false,"_links":{"self":[{"href":"https:\/\/gymnasium-zwoenitz.com\/index.php\/wp-json\/wp\/v2\/pages\/125","targetHints":{"allow":["GET"]}}],"collection":[{"href":"https:\/\/gymnasium-zwoenitz.com\/index.php\/wp-json\/wp\/v2\/pages"}],"about":[{"href":"https:\/\/gymnasium-zwoenitz.com\/index.php\/wp-json\/wp\/v2\/types\/page"}],"author":[{"embeddable":true,"href":"https:\/\/gymnasium-zwoenitz.com\/index.php\/wp-json\/wp\/v2\/users\/1"}],"replies":[{"embeddable":true,"href":"https:\/\/gymnasium-zwoenitz.com\/index.php\/wp-json\/wp\/v2\/comments?post=125"}],"version-history":[{"count":0,"href":"https:\/\/gymnasium-zwoenitz.com\/index.php\/wp-json\/wp\/v2\/pages\/125\/revisions"}],"up":[{"embeddable":true,"href":"https:\/\/gymnasium-zwoenitz.com\/index.php\/wp-json\/wp\/v2\/pages\/46"}],"wp:attachment":[{"href":"https:\/\/gymnasium-zwoenitz.com\/index.php\/wp-json\/wp\/v2\/media?parent=125"}],"wp:term":[{"taxonomy":"post_tag","embeddable":true,"href":"https:\/\/gymnasium-zwoenitz.com\/index.php\/wp-json\/wp\/v2\/tags?post=125"}],"curies":[{"name":"wp","href":"https:\/\/api.w.org\/{rel}","templated":true}]}}