{"id":124,"date":"2017-09-13T16:51:36","date_gmt":"2017-09-13T14:51:36","guid":{"rendered":"https:\/\/gymnasiumzwoenitz.wordpress.com\/?page_id=124"},"modified":"2024-10-16T08:38:13","modified_gmt":"2024-10-16T06:38:13","slug":"beratungslehrer","status":"publish","type":"page","link":"https:\/\/gymnasium-zwoenitz.com\/index.php\/unser-gymnasium\/beratung\/beratungslehrer\/","title":{"rendered":"Beratungslehrer"},"content":{"rendered":"\n<p>An unserer Schule sind zur Zeit zwei Beratungslehrer t\u00e4tig: <strong>Frau Feig<\/strong> und <strong>Frau Herold<\/strong>.<br>Sch\u00fcler finden uns im Zimmer 310 und k\u00f6nnen k\u00f6nnen dort auch zus\u00e4tzliche individuelle Termine vereinbaren:<\/p>\n\n\n\n<p><strong>Frau Feig:<\/strong><br><strong>Montag<\/strong>: 11.50 \u2013 12.15 Uhr f\u00fcr die Klassenstufen 7 \u2013 12<br><strong>Dienstag<\/strong>: 10:55 \u2013 11.20 Uhr f\u00fcr die Klassenstufen 5 und 6<\/p>\n\n\n\n<p><strong>Frau Herold<\/strong>:<br><strong>Donnerstag<\/strong>: 10.55 \u2013 11.20 Uhr f\u00fcr die Klassenstufen 5 und 6<br><strong>Freitag<\/strong>: 09:05 \u2013 09:20 Uhr f\u00fcr die Klassenstufen 7 \u2013 12<\/p>\n\n\n\n<p>F\u00fcr Eltern sind wir unter der Telefonnummer unserer Schule 037754\/2830 (Sekretariat) erreichbar.<\/p>\n\n\n\n<p>Oberstes Grundprinzip unserer T\u00e4tigkeit ist die Freiwilligkeit. Das bedeutet, dass der Ratsuchende beraten werden m\u00f6chte und deshalb das Einverst\u00e4ndnis des Sch\u00fclers und gegebenenfalls der Erziehungsberechtigten vorliegt.<\/p>\n\n\n\n<p>Beratungsanl\u00e4sse sind z.B. Lernst\u00f6rungen, pl\u00f6tzlicher Leistungsabfall, Pr\u00fcfungs- und Versagens\u00e4ngste, Verhaltensauff\u00e4lligkeiten, Probleme im Bereich Gesundheit, Sucht, Sekten usw. Wir k\u00f6nnen weiterhin bei Fragen zur Schullaufbahn helfend zur Seite stehen (z.B. Sprachenwahl, Kurswahl, Wechsel an eine andere Schulform). Au\u00dferdem unterst\u00fctzen wir bei Bedarf auch die Suche anderer Beratungsstellen, wie schulpsychologische Beratung, Erziehungsberatung, Sozial-, Jugend-, Gesundheitsamt.<\/p>\n\n\n\n<p>In Fragen der Berufs- und Studienorientierung wendet Ihr\/ wenden Sie sich bitte an Frau Herold.<\/p>\n\n\n\n<p>An unserer Schule finden zu den oben genannten Feldern viele Veranstaltungen statt:<br>In den 6. Klassen sensibilisieren wir f\u00fcr das Thema \u201eCybermobbing\u201c und in den Klassen 5 und 7 f\u00fcr das Thema \u201eGewalt\u201c, in Klassenstufe 8 finden umfangreiche Pr\u00e4ventionsveranstaltungen zum Thema \u201eSucht und Drogen\u201c statt, von Klasse 8 bis 12 unterst\u00fctzen wir unsere Sch\u00fcler in ihrem sp\u00e4teren beruflichen Werdegang.<\/p>\n","protected":false},"excerpt":{"rendered":"<p>An unserer Schule sind zur Zeit zwei Beratungslehrer t\u00e4tig: Frau Feig und Frau Herold.Sch\u00fcler finden uns im Zimmer 310 und k\u00f6nnen k\u00f6nnen dort auch zus\u00e4tzliche individuelle Termine vereinbaren: Frau Feig:Montag: 11.50 \u2013 12.15 Uhr f\u00fcr die Klassenstufen 7 \u2013 12Dienstag: 10:55 \u2013 11.20 Uhr f\u00fcr die Klassenstufen 5 und 6 Frau Herold:Donnerstag: 10.55 \u2013 11.20<a class=\"more-link\" href=\"https:\/\/gymnasium-zwoenitz.com\/index.php\/unser-gymnasium\/beratung\/beratungslehrer\/\">Continue reading <span class=\"screen-reader-text\">&#8222;Beratungslehrer&#8220;<\/span><\/a><\/p>\n","protected":false},"author":1,"featured_media":0,"parent":46,"menu_order":0,"comment_status":"closed","ping_status":"closed","template":"","meta":{"footnotes":""},"tags":[],"class_list":["post-124","page","type-page","status-publish","hentry"],"jetpack_sharing_enabled":false,"_links":{"self":[{"href":"https:\/\/gymnasium-zwoenitz.com\/index.php\/wp-json\/wp\/v2\/pages\/124","targetHints":{"allow":["GET"]}}],"collection":[{"href":"https:\/\/gymnasium-zwoenitz.com\/index.php\/wp-json\/wp\/v2\/pages"}],"about":[{"href":"https:\/\/gymnasium-zwoenitz.com\/index.php\/wp-json\/wp\/v2\/types\/page"}],"author":[{"embeddable":true,"href":"https:\/\/gymnasium-zwoenitz.com\/index.php\/wp-json\/wp\/v2\/users\/1"}],"replies":[{"embeddable":true,"href":"https:\/\/gymnasium-zwoenitz.com\/index.php\/wp-json\/wp\/v2\/comments?post=124"}],"version-history":[{"count":5,"href":"https:\/\/gymnasium-zwoenitz.com\/index.php\/wp-json\/wp\/v2\/pages\/124\/revisions"}],"predecessor-version":[{"id":19765,"href":"https:\/\/gymnasium-zwoenitz.com\/index.php\/wp-json\/wp\/v2\/pages\/124\/revisions\/19765"}],"up":[{"embeddable":true,"href":"https:\/\/gymnasium-zwoenitz.com\/index.php\/wp-json\/wp\/v2\/pages\/46"}],"wp:attachment":[{"href":"https:\/\/gymnasium-zwoenitz.com\/index.php\/wp-json\/wp\/v2\/media?parent=124"}],"wp:term":[{"taxonomy":"post_tag","embeddable":true,"href":"https:\/\/gymnasium-zwoenitz.com\/index.php\/wp-json\/wp\/v2\/tags?post=124"}],"curies":[{"name":"wp","href":"https:\/\/api.w.org\/{rel}","templated":true}]}}