{"id":119,"date":"2017-09-13T16:51:35","date_gmt":"2017-09-13T14:51:35","guid":{"rendered":"https:\/\/gymnasiumzwoenitz.wordpress.com\/?page_id=119"},"modified":"2024-10-16T08:44:31","modified_gmt":"2024-10-16T06:44:31","slug":"schulkonferenz","status":"publish","type":"page","link":"https:\/\/gymnasium-zwoenitz.com\/index.php\/unser-gymnasium\/gremien\/schulkonferenz\/","title":{"rendered":"Schulkonferenz"},"content":{"rendered":"\n<p><strong>Schulkonferenz des Matthes-Enderlein-Gymnasiums Zw\u00f6nitz\u00a0im Schuljahr 2024\/25<\/strong><\/p>\n\n\n\n<figure class=\"wp-block-table\"><table><tbody><tr><td><strong>Vorsitzender<\/strong>:<\/td><td>Frau Weise<\/td><\/tr><tr><td><strong>Elternvertreter<\/strong>:<\/td><td>Frau Dettke<\/td><td>stellv. Vors.<\/td><\/tr><tr><td>&nbsp;<\/td><td>Frau Fankh\u00e4nel<\/td><td>&nbsp;<\/td><\/tr><tr><td>&nbsp;<\/td><td>Frau Schulz<\/td><td>&nbsp;<\/td><\/tr><tr><td>&nbsp;<\/td><td>Herr Vogel<\/td><td>&nbsp;<\/td><\/tr><tr><td><strong>Sch\u00fclervertreter<\/strong>:<\/td><td>Mia Bastian<\/td><td>&nbsp;<\/td><\/tr><tr><td>&nbsp;<\/td><td>Ben Ke\u00dfler<\/td><td>&nbsp;<\/td><\/tr><tr><td>&nbsp;<\/td><td>Alexander Scholz<\/td><td>&nbsp;<\/td><\/tr><tr><td>&nbsp;<\/td><td>Linus Uhlmann<\/td><td>&nbsp;<\/td><\/tr><tr><td><strong>Lehrervertreter<\/strong>:<\/td><td>Frau Ebert<\/td><td>&nbsp;<\/td><\/tr><tr><td>&nbsp;<\/td><td>Frau Mulcahy<\/td><td>&nbsp;<\/td><\/tr><tr><td>&nbsp;<\/td><td>Frau Viehweger<\/td><td>&nbsp;<\/td><\/tr><tr><td>&nbsp;<\/td><td>Herr Wolf<\/td><td>&nbsp;<\/td><\/tr><\/tbody><\/table><\/figure>\n\n\n\n<p>Vertreter des Schultr\u00e4gers \u2013 wird vor jeder Beratung vom Landkreis Erzgebirge (Schulverwaltung) benannt (Stimmenb\u00fcndelung m\u00f6glich)<\/p>\n","protected":false},"excerpt":{"rendered":"<p>Schulkonferenz des Matthes-Enderlein-Gymnasiums Zw\u00f6nitz\u00a0im Schuljahr 2024\/25 Vorsitzender: Frau Weise Elternvertreter: Frau Dettke stellv. Vors. &nbsp; Frau Fankh\u00e4nel &nbsp; &nbsp; Frau Schulz &nbsp; &nbsp; Herr Vogel &nbsp; Sch\u00fclervertreter: Mia Bastian &nbsp; &nbsp; Ben Ke\u00dfler &nbsp; &nbsp; Alexander Scholz &nbsp; &nbsp; Linus Uhlmann &nbsp; Lehrervertreter: Frau Ebert &nbsp; &nbsp; Frau Mulcahy &nbsp; &nbsp; Frau Viehweger &nbsp; &nbsp;<a class=\"more-link\" href=\"https:\/\/gymnasium-zwoenitz.com\/index.php\/unser-gymnasium\/gremien\/schulkonferenz\/\">Continue reading <span class=\"screen-reader-text\">&#8222;Schulkonferenz&#8220;<\/span><\/a><\/p>\n","protected":false},"author":1,"featured_media":0,"parent":39,"menu_order":0,"comment_status":"closed","ping_status":"closed","template":"","meta":{"footnotes":""},"tags":[],"class_list":["post-119","page","type-page","status-publish","hentry"],"jetpack_sharing_enabled":false,"_links":{"self":[{"href":"https:\/\/gymnasium-zwoenitz.com\/index.php\/wp-json\/wp\/v2\/pages\/119","targetHints":{"allow":["GET"]}}],"collection":[{"href":"https:\/\/gymnasium-zwoenitz.com\/index.php\/wp-json\/wp\/v2\/pages"}],"about":[{"href":"https:\/\/gymnasium-zwoenitz.com\/index.php\/wp-json\/wp\/v2\/types\/page"}],"author":[{"embeddable":true,"href":"https:\/\/gymnasium-zwoenitz.com\/index.php\/wp-json\/wp\/v2\/users\/1"}],"replies":[{"embeddable":true,"href":"https:\/\/gymnasium-zwoenitz.com\/index.php\/wp-json\/wp\/v2\/comments?post=119"}],"version-history":[{"count":5,"href":"https:\/\/gymnasium-zwoenitz.com\/index.php\/wp-json\/wp\/v2\/pages\/119\/revisions"}],"predecessor-version":[{"id":19773,"href":"https:\/\/gymnasium-zwoenitz.com\/index.php\/wp-json\/wp\/v2\/pages\/119\/revisions\/19773"}],"up":[{"embeddable":true,"href":"https:\/\/gymnasium-zwoenitz.com\/index.php\/wp-json\/wp\/v2\/pages\/39"}],"wp:attachment":[{"href":"https:\/\/gymnasium-zwoenitz.com\/index.php\/wp-json\/wp\/v2\/media?parent=119"}],"wp:term":[{"taxonomy":"post_tag","embeddable":true,"href":"https:\/\/gymnasium-zwoenitz.com\/index.php\/wp-json\/wp\/v2\/tags?post=119"}],"curies":[{"name":"wp","href":"https:\/\/api.w.org\/{rel}","templated":true}]}}